{"id":120,"date":"2025-03-27T14:32:50","date_gmt":"2025-03-27T13:32:50","guid":{"rendered":"https:\/\/ferrosperich.com\/?post_type=product&#038;p=120"},"modified":"2025-03-31T10:37:59","modified_gmt":"2025-03-31T08:37:59","slug":"maquinaria-para-hosteleria","status":"publish","type":"product","link":"https:\/\/ferrosperich.com\/es\/producto\/productos-de-ocasion\/maquinaria-hosteleria\/maquinaria-para-hosteleria\/","title":{"rendered":"Maquinaria para hosteler\u00eda"},"content":{"rendered":"<p>Maquinaria de hosteler\u00eda en perfecto estado de conservaci\u00f3n.<br \/>\n450\u20ac y 300\u20ac<\/p>\n","protected":false},"excerpt":{"rendered":"<p>Maquinaria de hosteler\u00eda en perfecto estado de conservaci\u00f3n. 450\u20ac y 300\u20ac<\/p>\n","protected":false},"featured_media":267,"template":"","meta":{"site-sidebar-layout":"default","site-content-layout":"","ast-site-content-layout":"default","site-content-style":"default","site-sidebar-style":"default","ast-global-header-display":"","ast-banner-title-visibility":"","ast-main-header-display":"","ast-hfb-above-header-display":"","ast-hfb-below-header-display":"","ast-hfb-mobile-header-display":"","site-post-title":"","ast-breadcrumbs-content":"","ast-featured-img":"","footer-sml-layout":"","theme-transparent-header-meta":"default","adv-header-id-meta":"","stick-header-meta":"default","header-above-stick-meta":"","header-main-stick-meta":"","header-below-stick-meta":"","astra-migrate-meta-layouts":"set","ast-page-background-enabled":"default","ast-page-background-meta":{"desktop":{"background-color":"var(--ast-global-color-5)","background-image":"","background-repeat":"repeat","background-position":"center center","background-size":"auto","background-attachment":"scroll","background-type":"","background-media":"","overlay-type":"","overlay-color":"","overlay-opacity":"","overlay-gradient":""},"tablet":{"background-color":"","background-image":"","background-repeat":"repeat","background-position":"center center","background-size":"auto","background-attachment":"scroll","background-type":"","background-media":"","overlay-type":"","overlay-color":"","overlay-opacity":"","overlay-gradient":""},"mobile":{"background-color":"","background-image":"","background-repeat":"repeat","background-position":"center center","background-size":"auto","background-attachment":"scroll","background-type":"","background-media":"","overlay-type":"","overlay-color":"","overlay-opacity":"","overlay-gradient":""}},"ast-content-background-meta":{"desktop":{"background-color":"var(--ast-global-color-4)","background-image":"","background-repeat":"repeat","background-position":"center center","background-size":"auto","background-attachment":"scroll","background-type":"","background-media":"","overlay-type":"","overlay-color":"","overlay-opacity":"","overlay-gradient":""},"tablet":{"background-color":"var(--ast-global-color-4)","background-image":"","background-repeat":"repeat","background-position":"center center","background-size":"auto","background-attachment":"scroll","background-type":"","background-media":"","overlay-type":"","overlay-color":"","overlay-opacity":"","overlay-gradient":""},"mobile":{"background-color":"var(--ast-global-color-4)","background-image":"","background-repeat":"repeat","background-position":"center center","background-size":"auto","background-attachment":"scroll","background-type":"","background-media":"","overlay-type":"","overlay-color":"","overlay-opacity":"","overlay-gradient":""}}},"product_brand":[],"product_cat":[52,51],"product_tag":[],"class_list":{"0":"post-120","1":"product","2":"type-product","3":"status-publish","4":"has-post-thumbnail","6":"product_cat-maquinaria-hosteleria","7":"product_cat-productos-de-ocasion","8":"desktop-align-center","9":"tablet-align-left","10":"mobile-align-left","11":"ast-product-gallery-layout-horizontal-slider","12":"ast-product-gallery-with-no-image","13":"ast-product-tabs-layout-horizontal","15":"first","16":"instock","17":"shipping-taxable","18":"purchasable","19":"product-type-simple"},"yoast_head":"<!-- This site is optimized with the Yoast SEO plugin v26.5 - https:\/\/yoast.com\/wordpress\/plugins\/seo\/ -->\n<title>Maquinaria para hosteler\u00eda - Ferros Perich, S.L<\/title>\n<meta name=\"robots\" content=\"index, follow, max-snippet:-1, max-image-preview:large, max-video-preview:-1\" \/>\n<link rel=\"canonical\" href=\"https:\/\/ferrosperich.com\/producto\/productos-de-ocasion\/maquinaria-hosteleria\/maquinaria-para-hosteleria\/\" \/>\n<meta property=\"og:locale\" content=\"es_ES\" \/>\n<meta property=\"og:type\" content=\"article\" \/>\n<meta property=\"og:title\" content=\"Maquinaria para hosteler\u00eda - Ferros Perich, S.L\" \/>\n<meta property=\"og:description\" content=\"Maquinaria de hosteler\u00eda en perfecto estado de conservaci\u00f3n. 450\u20ac y 300\u20ac\" \/>\n<meta property=\"og:url\" content=\"https:\/\/ferrosperich.com\/producto\/productos-de-ocasion\/maquinaria-hosteleria\/maquinaria-para-hosteleria\/\" \/>\n<meta property=\"og:site_name\" content=\"Ferros Perich, S.L\" \/>\n<meta property=\"article:publisher\" content=\"https:\/\/www.facebook.com\/ferrosperich\" \/>\n<meta property=\"article:modified_time\" content=\"2025-03-31T08:37:59+00:00\" \/>\n<meta property=\"og:image\" content=\"https:\/\/ferrosperich.com\/wp-content\/uploads\/2025\/03\/oferta_hosteleria-01.jpg\" \/>\n\t<meta property=\"og:image:width\" content=\"800\" \/>\n\t<meta property=\"og:image:height\" content=\"531\" \/>\n\t<meta property=\"og:image:type\" content=\"image\/jpeg\" \/>\n<meta name=\"twitter:card\" content=\"summary_large_image\" \/>\n<meta name=\"twitter:label1\" content=\"Tiempo de lectura\" \/>\n\t<meta name=\"twitter:data1\" content=\"1 minuto\" \/>\n<script type=\"application\/ld+json\" class=\"yoast-schema-graph\">{\"@context\":\"https:\/\/schema.org\",\"@graph\":[{\"@type\":\"WebPage\",\"@id\":\"https:\/\/ferrosperich.com\/producto\/productos-de-ocasion\/maquinaria-hosteleria\/maquinaria-para-hosteleria\/\",\"url\":\"https:\/\/ferrosperich.com\/producto\/productos-de-ocasion\/maquinaria-hosteleria\/maquinaria-para-hosteleria\/\",\"name\":\"Maquinaria para hosteler\u00eda - Ferros Perich, S.L\",\"isPartOf\":{\"@id\":\"https:\/\/ferrosperich.com\/#website\"},\"primaryImageOfPage\":{\"@id\":\"https:\/\/ferrosperich.com\/producto\/productos-de-ocasion\/maquinaria-hosteleria\/maquinaria-para-hosteleria\/#primaryimage\"},\"image\":{\"@id\":\"https:\/\/ferrosperich.com\/producto\/productos-de-ocasion\/maquinaria-hosteleria\/maquinaria-para-hosteleria\/#primaryimage\"},\"thumbnailUrl\":\"https:\/\/ferrosperich.com\/wp-content\/uploads\/2025\/03\/oferta_hosteleria-01.jpg\",\"datePublished\":\"2025-03-27T13:32:50+00:00\",\"dateModified\":\"2025-03-31T08:37:59+00:00\",\"breadcrumb\":{\"@id\":\"https:\/\/ferrosperich.com\/producto\/productos-de-ocasion\/maquinaria-hosteleria\/maquinaria-para-hosteleria\/#breadcrumb\"},\"inLanguage\":\"es\",\"potentialAction\":[{\"@type\":\"ReadAction\",\"target\":[\"https:\/\/ferrosperich.com\/producto\/productos-de-ocasion\/maquinaria-hosteleria\/maquinaria-para-hosteleria\/\"]}]},{\"@type\":\"ImageObject\",\"inLanguage\":\"es\",\"@id\":\"https:\/\/ferrosperich.com\/producto\/productos-de-ocasion\/maquinaria-hosteleria\/maquinaria-para-hosteleria\/#primaryimage\",\"url\":\"https:\/\/ferrosperich.com\/wp-content\/uploads\/2025\/03\/oferta_hosteleria-01.jpg\",\"contentUrl\":\"https:\/\/ferrosperich.com\/wp-content\/uploads\/2025\/03\/oferta_hosteleria-01.jpg\",\"width\":800,\"height\":531},{\"@type\":\"BreadcrumbList\",\"@id\":\"https:\/\/ferrosperich.com\/producto\/productos-de-ocasion\/maquinaria-hosteleria\/maquinaria-para-hosteleria\/#breadcrumb\",\"itemListElement\":[{\"@type\":\"ListItem\",\"position\":1,\"name\":\"Portada\",\"item\":\"https:\/\/ferrosperich.com\/es\/\"},{\"@type\":\"ListItem\",\"position\":2,\"name\":\"Productos\",\"item\":\"https:\/\/ferrosperich.com\/es\/productos\/\"},{\"@type\":\"ListItem\",\"position\":3,\"name\":\"Productos de Ocasi\u00f3n\",\"item\":\"https:\/\/ferrosperich.com\/categoria-producto\/productos-de-ocasion\/\"},{\"@type\":\"ListItem\",\"position\":4,\"name\":\"Maquinaria Hosteler\u00eda\",\"item\":\"https:\/\/ferrosperich.com\/categoria-producto\/productos-de-ocasion\/maquinaria-hosteleria\/\"},{\"@type\":\"ListItem\",\"position\":5,\"name\":\"Maquinaria para hosteler\u00eda\"}]},{\"@type\":\"WebSite\",\"@id\":\"https:\/\/ferrosperich.com\/#website\",\"url\":\"https:\/\/ferrosperich.com\/\",\"name\":\"Ferros Perich, S.L\",\"description\":\"\",\"publisher\":{\"@id\":\"https:\/\/ferrosperich.com\/#organization\"},\"potentialAction\":[{\"@type\":\"SearchAction\",\"target\":{\"@type\":\"EntryPoint\",\"urlTemplate\":\"https:\/\/ferrosperich.com\/?s={search_term_string}\"},\"query-input\":{\"@type\":\"PropertyValueSpecification\",\"valueRequired\":true,\"valueName\":\"search_term_string\"}}],\"inLanguage\":\"es\"},{\"@type\":\"Organization\",\"@id\":\"https:\/\/ferrosperich.com\/#organization\",\"name\":\"Ferros Perich, S.L\",\"url\":\"https:\/\/ferrosperich.com\/\",\"logo\":{\"@type\":\"ImageObject\",\"inLanguage\":\"es\",\"@id\":\"https:\/\/ferrosperich.com\/#\/schema\/logo\/image\/\",\"url\":\"https:\/\/ferrosperich.com\/wp-content\/uploads\/2025\/03\/FERROS-PERICH-LOGO.png\",\"contentUrl\":\"https:\/\/ferrosperich.com\/wp-content\/uploads\/2025\/03\/FERROS-PERICH-LOGO.png\",\"width\":500,\"height\":320,\"caption\":\"Ferros Perich, S.L\"},\"image\":{\"@id\":\"https:\/\/ferrosperich.com\/#\/schema\/logo\/image\/\"},\"sameAs\":[\"https:\/\/www.facebook.com\/ferrosperich\",\"https:\/\/www.youtube.com\/@ferrosperichs.l.7499\"]}]}<\/script>\n<!-- \/ Yoast SEO plugin. -->","yoast_head_json":{"title":"Maquinaria para hosteler\u00eda - Ferros Perich, S.L","robots":{"index":"index","follow":"follow","max-snippet":"max-snippet:-1","max-image-preview":"max-image-preview:large","max-video-preview":"max-video-preview:-1"},"canonical":"https:\/\/ferrosperich.com\/producto\/productos-de-ocasion\/maquinaria-hosteleria\/maquinaria-para-hosteleria\/","og_locale":"es_ES","og_type":"article","og_title":"Maquinaria para hosteler\u00eda - Ferros Perich, S.L","og_description":"Maquinaria de hosteler\u00eda en perfecto estado de conservaci\u00f3n. 450\u20ac y 300\u20ac","og_url":"https:\/\/ferrosperich.com\/producto\/productos-de-ocasion\/maquinaria-hosteleria\/maquinaria-para-hosteleria\/","og_site_name":"Ferros Perich, S.L","article_publisher":"https:\/\/www.facebook.com\/ferrosperich","article_modified_time":"2025-03-31T08:37:59+00:00","og_image":[{"width":800,"height":531,"url":"https:\/\/ferrosperich.com\/wp-content\/uploads\/2025\/03\/oferta_hosteleria-01.jpg","type":"image\/jpeg"}],"twitter_card":"summary_large_image","twitter_misc":{"Tiempo de lectura":"1 minuto"},"schema":{"@context":"https:\/\/schema.org","@graph":[{"@type":"WebPage","@id":"https:\/\/ferrosperich.com\/producto\/productos-de-ocasion\/maquinaria-hosteleria\/maquinaria-para-hosteleria\/","url":"https:\/\/ferrosperich.com\/producto\/productos-de-ocasion\/maquinaria-hosteleria\/maquinaria-para-hosteleria\/","name":"Maquinaria para hosteler\u00eda - Ferros Perich, S.L","isPartOf":{"@id":"https:\/\/ferrosperich.com\/#website"},"primaryImageOfPage":{"@id":"https:\/\/ferrosperich.com\/producto\/productos-de-ocasion\/maquinaria-hosteleria\/maquinaria-para-hosteleria\/#primaryimage"},"image":{"@id":"https:\/\/ferrosperich.com\/producto\/productos-de-ocasion\/maquinaria-hosteleria\/maquinaria-para-hosteleria\/#primaryimage"},"thumbnailUrl":"https:\/\/ferrosperich.com\/wp-content\/uploads\/2025\/03\/oferta_hosteleria-01.jpg","datePublished":"2025-03-27T13:32:50+00:00","dateModified":"2025-03-31T08:37:59+00:00","breadcrumb":{"@id":"https:\/\/ferrosperich.com\/producto\/productos-de-ocasion\/maquinaria-hosteleria\/maquinaria-para-hosteleria\/#breadcrumb"},"inLanguage":"es","potentialAction":[{"@type":"ReadAction","target":["https:\/\/ferrosperich.com\/producto\/productos-de-ocasion\/maquinaria-hosteleria\/maquinaria-para-hosteleria\/"]}]},{"@type":"ImageObject","inLanguage":"es","@id":"https:\/\/ferrosperich.com\/producto\/productos-de-ocasion\/maquinaria-hosteleria\/maquinaria-para-hosteleria\/#primaryimage","url":"https:\/\/ferrosperich.com\/wp-content\/uploads\/2025\/03\/oferta_hosteleria-01.jpg","contentUrl":"https:\/\/ferrosperich.com\/wp-content\/uploads\/2025\/03\/oferta_hosteleria-01.jpg","width":800,"height":531},{"@type":"BreadcrumbList","@id":"https:\/\/ferrosperich.com\/producto\/productos-de-ocasion\/maquinaria-hosteleria\/maquinaria-para-hosteleria\/#breadcrumb","itemListElement":[{"@type":"ListItem","position":1,"name":"Portada","item":"https:\/\/ferrosperich.com\/es\/"},{"@type":"ListItem","position":2,"name":"Productos","item":"https:\/\/ferrosperich.com\/es\/productos\/"},{"@type":"ListItem","position":3,"name":"Productos de Ocasi\u00f3n","item":"https:\/\/ferrosperich.com\/categoria-producto\/productos-de-ocasion\/"},{"@type":"ListItem","position":4,"name":"Maquinaria Hosteler\u00eda","item":"https:\/\/ferrosperich.com\/categoria-producto\/productos-de-ocasion\/maquinaria-hosteleria\/"},{"@type":"ListItem","position":5,"name":"Maquinaria para hosteler\u00eda"}]},{"@type":"WebSite","@id":"https:\/\/ferrosperich.com\/#website","url":"https:\/\/ferrosperich.com\/","name":"Ferros Perich, S.L","description":"","publisher":{"@id":"https:\/\/ferrosperich.com\/#organization"},"potentialAction":[{"@type":"SearchAction","target":{"@type":"EntryPoint","urlTemplate":"https:\/\/ferrosperich.com\/?s={search_term_string}"},"query-input":{"@type":"PropertyValueSpecification","valueRequired":true,"valueName":"search_term_string"}}],"inLanguage":"es"},{"@type":"Organization","@id":"https:\/\/ferrosperich.com\/#organization","name":"Ferros Perich, S.L","url":"https:\/\/ferrosperich.com\/","logo":{"@type":"ImageObject","inLanguage":"es","@id":"https:\/\/ferrosperich.com\/#\/schema\/logo\/image\/","url":"https:\/\/ferrosperich.com\/wp-content\/uploads\/2025\/03\/FERROS-PERICH-LOGO.png","contentUrl":"https:\/\/ferrosperich.com\/wp-content\/uploads\/2025\/03\/FERROS-PERICH-LOGO.png","width":500,"height":320,"caption":"Ferros Perich, S.L"},"image":{"@id":"https:\/\/ferrosperich.com\/#\/schema\/logo\/image\/"},"sameAs":["https:\/\/www.facebook.com\/ferrosperich","https:\/\/www.youtube.com\/@ferrosperichs.l.7499"]}]}},"_links":{"self":[{"href":"https:\/\/ferrosperich.com\/es\/wp-json\/wp\/v2\/product\/120","targetHints":{"allow":["GET"]}}],"collection":[{"href":"https:\/\/ferrosperich.com\/es\/wp-json\/wp\/v2\/product"}],"about":[{"href":"https:\/\/ferrosperich.com\/es\/wp-json\/wp\/v2\/types\/product"}],"version-history":[{"count":1,"href":"https:\/\/ferrosperich.com\/es\/wp-json\/wp\/v2\/product\/120\/revisions"}],"predecessor-version":[{"id":1384,"href":"https:\/\/ferrosperich.com\/es\/wp-json\/wp\/v2\/product\/120\/revisions\/1384"}],"wp:featuredmedia":[{"embeddable":true,"href":"https:\/\/ferrosperich.com\/es\/wp-json\/wp\/v2\/media\/267"}],"wp:attachment":[{"href":"https:\/\/ferrosperich.com\/es\/wp-json\/wp\/v2\/media?parent=120"}],"wp:term":[{"taxonomy":"product_brand","embeddable":true,"href":"https:\/\/ferrosperich.com\/es\/wp-json\/wp\/v2\/product_brand?post=120"},{"taxonomy":"product_cat","embeddable":true,"href":"https:\/\/ferrosperich.com\/es\/wp-json\/wp\/v2\/product_cat?post=120"},{"taxonomy":"product_tag","embeddable":true,"href":"https:\/\/ferrosperich.com\/es\/wp-json\/wp\/v2\/product_tag?post=120"}],"curies":[{"name":"wp","href":"https:\/\/api.w.org\/{rel}","templated":true}]}}