{"id":118,"date":"2025-03-27T14:32:50","date_gmt":"2025-03-27T13:32:50","guid":{"rendered":"https:\/\/ferrosperich.com\/?post_type=product&#038;p=118"},"modified":"2025-03-27T14:33:13","modified_gmt":"2025-03-27T13:33:13","slug":"carton-papel-y-revistas","status":"publish","type":"product","link":"https:\/\/ferrosperich.com\/es\/producto\/productos-de-reciclaje\/carton-papel-y-revistas\/","title":{"rendered":"Cart\u00f3n, papel y revistas"},"content":{"rendered":"<p>El cart\u00f3n es un material formado por varias capas de papel superpuestas, a base de fibra virgen o de papel reciclado. El cart\u00f3n es m\u00e1s grueso, duro y resistente que el papel. Algunos tipos de cart\u00f3n son usados para fabricar embalajes y envases, b\u00e1sicamente cajas de diversos tipos. La capa superior puede recibir un acabado diferente llamado \u00abestuco\u00bb que le confiere mayor vistosidad.<\/p>\n<p><strong>Caracter\u00edsticas t\u00e9cnicas<\/strong><\/p>\n<p>Grosor y volumen son aspectos significativos en la elaboraci\u00f3n del cart\u00f3n; al final, el producto debe soportar los pesos de las cargas, equipaje y los dem\u00e1s usos, manteniendo su forma. Generalmente est\u00e1n compuestos por dos o m\u00e1s capas para mejorar la calidad. Incluso con capas intermedias corrugadas como en el caso del cart\u00f3n ondulado.<\/p>\n<p><strong>El gramaje<\/strong><\/p>\n<p>En la industria, el cart\u00f3n se mide generalmente por su gramaje, que es el peso del cart\u00f3n expresado en g\/m\u00b2: la mayor\u00eda del cart\u00f3n utilizado para fabricar envases tiene un gramaje entre 160 y 600 g\/m\u00b2.<\/p>\n<p><strong>Grosor<\/strong><\/p>\n<p>El grosor es la distancia entre las dos superficies de la l\u00e1mina de cart\u00f3n y se mide en mil\u00e9simas de mil\u00edmetro, \u00b5m. Los envases de cart\u00f3n suelen tener entre 350 y 800 \u00b5m de grosor.<\/p>\n<p><strong>Densidad y calibre<\/strong><\/p>\n<p>La densidad del cart\u00f3n se refiere al grado de compactaci\u00f3n del material y se mide en kg\/m\u00b3. En la pr\u00e1ctica, se sustituye esta caracter\u00edstica por el calibre, que expresa la superficie de cart\u00f3n en metros cuadrados por cada 10 kg de peso. Esta cifra indica la cantidad de hojas de cart\u00f3n, de tama\u00f1o 70 \u00d7 100 (cent\u00edmetros), que conforman 10 kilogramos.<\/p>\n<p><strong>Fabricaci\u00f3n<\/strong><\/p>\n<p>El cart\u00f3n es relativamente barato de fabricar, SCARY lo que es un material conveniente para empaquetar y enviar productos. Tambi\u00e9n se utiliza para algunos muebles y casas prefabricadas. Las fibras largas y fuertes utilizadas para fabricar cart\u00f3n facilitan que pueda ser reciclado varias veces.<\/p>\n<p><strong>Materia prima cruda<\/strong><\/p>\n<p>Los pinos son la principal materia prima utilizada en la fabricaci\u00f3n de cart\u00f3n. Crecen con rapidez, y las f\u00e1bricas de envases poseen miles de hect\u00e1reas dedicadas al cultivo y a la cosecha de los mismos. Las extremidades son desechadas y los troncos enviados a una f\u00e1brica de pasta. Tambi\u00e9n se utilizan materiales reciclados.<\/p>\n<p><strong>El proceso Kraft<\/strong><\/p>\n<p>Carl F. Dahl perfeccion\u00f3 el proceso de fabricaci\u00f3n de papel al cual llam\u00f3 el proceso Kraft, t\u00e9rmino que deriva de la palabra alemana kraft, que significa fuerte. Los troncos de los \u00e1rboles se rompen en peque\u00f1os pedazos y se colocan dentro de una bomba trituradora, que es un tanque de alta presi\u00f3n que disuelve la lignina, la cual une las fibras de madera. Las fibras se limpian y se refinan y posteriormente se env\u00edan a trav\u00e9s de una m\u00e1quina Fourdrinier utilizada para fabricar el papel.<\/p>\n<p><strong>M\u00e1quina de corrugado<\/strong><\/p>\n<p>Una m\u00e1quina de corrugado mide usualmente 300 pies (91,4 m) de largo. Utiliza rodillos pesados para ondular el papel. Cuenta con rodillos de precalentamiento y rodillos de ondulaci\u00f3n, que est\u00e1n cubiertos con estr\u00edas o rebordes que doblan el papel para convertirlo en cart\u00f3n corrugado.<\/p>\n<p><strong>El encolado<\/strong><\/p>\n<p>El cart\u00f3n ondulado se coloca entre dos hojas de papel kraft. La estaci\u00f3n de encolado simple utiliza un conjunto de rodillos y cola de almid\u00f3n para fijar la primera hoja de papel kraft. La otra hoja se pega mediante otro conjunto de rodillos llamados estaci\u00f3n de encolado de doble respaldo, tambi\u00e9n usando cola de almid\u00f3n.<\/p>\n<p><strong>Los espacios en blanco de caja<\/strong><\/p>\n<p>Las hojas grandes de cart\u00f3n, llamadas espacios en blanco de caja se eliminan del cart\u00f3n corrugado con una cortadora. Las piezas se env\u00edan a una m\u00e1quina llamada flexo, que es la abreviatura de m\u00e1quina flexogr\u00e1fica, la cual devuelve el producto acabado, es decir, una caja.<\/p>\n<p><strong>Cart\u00f3n y medio ambiente<\/strong><\/p>\n<p>Por otra parte, los fabricantes de cart\u00f3n est\u00e1n prestando atenci\u00f3n a los temas relacionados con la salud, el medio ambiente y la legislaci\u00f3n vigente sobre envases y embalajes desechables. Por este motivo, buscan recursos renovables para elaborar todo el material demandado. En muchos pa\u00edses es obligatorio que el cart\u00f3n se elabore total o parcialmente con materiales reciclados. A su vez el cart\u00f3n ya se est\u00e1 utilizando para la elaboraci\u00f3n de diversos elementos como lo son, el mobiliario hecho de cart\u00f3n d\u00e1ndole un trato especial, para hacerlos m\u00e1s resistentes y duraderos ya que incluso se realiza mobiliario de jard\u00edn resistente a las inclemencias del tiempo.<\/p>\n","protected":false},"excerpt":{"rendered":"<p>El cart\u00f3n es un material formado por varias capas de papel superpuestas, a base de fibra virgen o de papel reciclado.<\/p>\n","protected":false},"featured_media":259,"template":"","meta":{"site-sidebar-layout":"","site-content-layout":"","ast-site-content-layout":"","site-content-style":"","site-sidebar-style":"","ast-global-header-display":"","ast-banner-title-visibility":"","ast-main-header-display":"","ast-hfb-above-header-display":"","ast-hfb-below-header-display":"","ast-hfb-mobile-header-display":"","site-post-title":"","ast-breadcrumbs-content":"","ast-featured-img":"","footer-sml-layout":"","theme-transparent-header-meta":"","adv-header-id-meta":"","stick-header-meta":"","header-above-stick-meta":"","header-main-stick-meta":"","header-below-stick-meta":"","astra-migrate-meta-layouts":"","ast-page-background-enabled":"default","ast-page-background-meta":{"desktop":{"background-color":"var(--ast-global-color-5)","background-image":"","background-repeat":"repeat","background-position":"center center","background-size":"auto","background-attachment":"scroll","background-type":"","background-media":"","overlay-type":"","overlay-color":"","overlay-opacity":"","overlay-gradient":""},"tablet":{"background-color":"","background-image":"","background-repeat":"repeat","background-position":"center center","background-size":"auto","background-attachment":"scroll","background-type":"","background-media":"","overlay-type":"","overlay-color":"","overlay-opacity":"","overlay-gradient":""},"mobile":{"background-color":"","background-image":"","background-repeat":"repeat","background-position":"center center","background-size":"auto","background-attachment":"scroll","background-type":"","background-media":"","overlay-type":"","overlay-color":"","overlay-opacity":"","overlay-gradient":""}},"ast-content-background-meta":{"desktop":{"background-color":"var(--ast-global-color-4)","background-image":"","background-repeat":"repeat","background-position":"center center","background-size":"auto","background-attachment":"scroll","background-type":"","background-media":"","overlay-type":"","overlay-color":"","overlay-opacity":"","overlay-gradient":""},"tablet":{"background-color":"var(--ast-global-color-4)","background-image":"","background-repeat":"repeat","background-position":"center center","background-size":"auto","background-attachment":"scroll","background-type":"","background-media":"","overlay-type":"","overlay-color":"","overlay-opacity":"","overlay-gradient":""},"mobile":{"background-color":"var(--ast-global-color-4)","background-image":"","background-repeat":"repeat","background-position":"center center","background-size":"auto","background-attachment":"scroll","background-type":"","background-media":"","overlay-type":"","overlay-color":"","overlay-opacity":"","overlay-gradient":""}}},"product_brand":[],"product_cat":[53],"product_tag":[],"class_list":{"0":"post-118","1":"product","2":"type-product","3":"status-publish","4":"has-post-thumbnail","6":"product_cat-productos-de-reciclaje","7":"desktop-align-center","8":"tablet-align-left","9":"mobile-align-left","10":"ast-product-gallery-layout-horizontal-slider","11":"ast-product-tabs-layout-horizontal","13":"first","14":"instock","15":"shipping-taxable","16":"product-type-simple"},"yoast_head":"<!-- This site is optimized with the Yoast SEO plugin v26.5 - https:\/\/yoast.com\/wordpress\/plugins\/seo\/ -->\n<title>Cart\u00f3n, papel y revistas - Ferros Perich, S.L<\/title>\n<meta name=\"description\" content=\"El cart\u00f3n es un material formado por varias capas de papel superpuestas, a base de fibra virgen o de papel reciclado.\" \/>\n<meta name=\"robots\" content=\"index, follow, max-snippet:-1, max-image-preview:large, max-video-preview:-1\" \/>\n<link rel=\"canonical\" href=\"https:\/\/ferrosperich.com\/producto\/productos-de-reciclaje\/carton-papel-y-revistas\/\" \/>\n<meta property=\"og:locale\" content=\"es_ES\" \/>\n<meta property=\"og:type\" content=\"article\" \/>\n<meta property=\"og:title\" content=\"Cart\u00f3n, papel y revistas - Ferros Perich, S.L\" \/>\n<meta property=\"og:description\" content=\"El cart\u00f3n es un material formado por varias capas de papel superpuestas, a base de fibra virgen o de papel reciclado.\" \/>\n<meta property=\"og:url\" content=\"https:\/\/ferrosperich.com\/producto\/productos-de-reciclaje\/carton-papel-y-revistas\/\" \/>\n<meta property=\"og:site_name\" content=\"Ferros Perich, S.L\" \/>\n<meta property=\"article:publisher\" content=\"https:\/\/www.facebook.com\/ferrosperich\" \/>\n<meta property=\"article:modified_time\" content=\"2025-03-27T13:33:13+00:00\" \/>\n<meta property=\"og:image\" content=\"https:\/\/ferrosperich.com\/wp-content\/uploads\/2025\/03\/slider_Carton-1.jpg\" \/>\n\t<meta property=\"og:image:width\" content=\"750\" \/>\n\t<meta property=\"og:image:height\" content=\"300\" \/>\n\t<meta property=\"og:image:type\" content=\"image\/jpeg\" \/>\n<meta name=\"twitter:card\" content=\"summary_large_image\" \/>\n<meta name=\"twitter:label1\" content=\"Tiempo de lectura\" \/>\n\t<meta name=\"twitter:data1\" content=\"4 minutos\" \/>\n<script type=\"application\/ld+json\" class=\"yoast-schema-graph\">{\"@context\":\"https:\/\/schema.org\",\"@graph\":[{\"@type\":\"WebPage\",\"@id\":\"https:\/\/ferrosperich.com\/producto\/productos-de-reciclaje\/carton-papel-y-revistas\/\",\"url\":\"https:\/\/ferrosperich.com\/producto\/productos-de-reciclaje\/carton-papel-y-revistas\/\",\"name\":\"Cart\u00f3n, papel y revistas - Ferros Perich, S.L\",\"isPartOf\":{\"@id\":\"https:\/\/ferrosperich.com\/#website\"},\"primaryImageOfPage\":{\"@id\":\"https:\/\/ferrosperich.com\/producto\/productos-de-reciclaje\/carton-papel-y-revistas\/#primaryimage\"},\"image\":{\"@id\":\"https:\/\/ferrosperich.com\/producto\/productos-de-reciclaje\/carton-papel-y-revistas\/#primaryimage\"},\"thumbnailUrl\":\"https:\/\/ferrosperich.com\/wp-content\/uploads\/2025\/03\/slider_Carton-1.jpg\",\"datePublished\":\"2025-03-27T13:32:50+00:00\",\"dateModified\":\"2025-03-27T13:33:13+00:00\",\"description\":\"El cart\u00f3n es un material formado por varias capas de papel superpuestas, a base de fibra virgen o de papel reciclado.\",\"breadcrumb\":{\"@id\":\"https:\/\/ferrosperich.com\/producto\/productos-de-reciclaje\/carton-papel-y-revistas\/#breadcrumb\"},\"inLanguage\":\"es\",\"potentialAction\":[{\"@type\":\"ReadAction\",\"target\":[\"https:\/\/ferrosperich.com\/producto\/productos-de-reciclaje\/carton-papel-y-revistas\/\"]}]},{\"@type\":\"ImageObject\",\"inLanguage\":\"es\",\"@id\":\"https:\/\/ferrosperich.com\/producto\/productos-de-reciclaje\/carton-papel-y-revistas\/#primaryimage\",\"url\":\"https:\/\/ferrosperich.com\/wp-content\/uploads\/2025\/03\/slider_Carton-1.jpg\",\"contentUrl\":\"https:\/\/ferrosperich.com\/wp-content\/uploads\/2025\/03\/slider_Carton-1.jpg\",\"width\":750,\"height\":300},{\"@type\":\"BreadcrumbList\",\"@id\":\"https:\/\/ferrosperich.com\/producto\/productos-de-reciclaje\/carton-papel-y-revistas\/#breadcrumb\",\"itemListElement\":[{\"@type\":\"ListItem\",\"position\":1,\"name\":\"Portada\",\"item\":\"https:\/\/ferrosperich.com\/es\/\"},{\"@type\":\"ListItem\",\"position\":2,\"name\":\"Productos\",\"item\":\"https:\/\/ferrosperich.com\/es\/productos\/\"},{\"@type\":\"ListItem\",\"position\":3,\"name\":\"Productos de Reciclaje\",\"item\":\"https:\/\/ferrosperich.com\/categoria-producto\/productos-de-reciclaje\/\"},{\"@type\":\"ListItem\",\"position\":4,\"name\":\"Cart\u00f3n, papel y revistas\"}]},{\"@type\":\"WebSite\",\"@id\":\"https:\/\/ferrosperich.com\/#website\",\"url\":\"https:\/\/ferrosperich.com\/\",\"name\":\"Ferros Perich, S.L\",\"description\":\"\",\"publisher\":{\"@id\":\"https:\/\/ferrosperich.com\/#organization\"},\"potentialAction\":[{\"@type\":\"SearchAction\",\"target\":{\"@type\":\"EntryPoint\",\"urlTemplate\":\"https:\/\/ferrosperich.com\/?s={search_term_string}\"},\"query-input\":{\"@type\":\"PropertyValueSpecification\",\"valueRequired\":true,\"valueName\":\"search_term_string\"}}],\"inLanguage\":\"es\"},{\"@type\":\"Organization\",\"@id\":\"https:\/\/ferrosperich.com\/#organization\",\"name\":\"Ferros Perich, S.L\",\"url\":\"https:\/\/ferrosperich.com\/\",\"logo\":{\"@type\":\"ImageObject\",\"inLanguage\":\"es\",\"@id\":\"https:\/\/ferrosperich.com\/#\/schema\/logo\/image\/\",\"url\":\"https:\/\/ferrosperich.com\/wp-content\/uploads\/2025\/03\/FERROS-PERICH-LOGO.png\",\"contentUrl\":\"https:\/\/ferrosperich.com\/wp-content\/uploads\/2025\/03\/FERROS-PERICH-LOGO.png\",\"width\":500,\"height\":320,\"caption\":\"Ferros Perich, S.L\"},\"image\":{\"@id\":\"https:\/\/ferrosperich.com\/#\/schema\/logo\/image\/\"},\"sameAs\":[\"https:\/\/www.facebook.com\/ferrosperich\",\"https:\/\/www.youtube.com\/@ferrosperichs.l.7499\"]}]}<\/script>\n<!-- \/ Yoast SEO plugin. -->","yoast_head_json":{"title":"Cart\u00f3n, papel y revistas - Ferros Perich, S.L","description":"El cart\u00f3n es un material formado por varias capas de papel superpuestas, a base de fibra virgen o de papel reciclado.","robots":{"index":"index","follow":"follow","max-snippet":"max-snippet:-1","max-image-preview":"max-image-preview:large","max-video-preview":"max-video-preview:-1"},"canonical":"https:\/\/ferrosperich.com\/producto\/productos-de-reciclaje\/carton-papel-y-revistas\/","og_locale":"es_ES","og_type":"article","og_title":"Cart\u00f3n, papel y revistas - Ferros Perich, S.L","og_description":"El cart\u00f3n es un material formado por varias capas de papel superpuestas, a base de fibra virgen o de papel reciclado.","og_url":"https:\/\/ferrosperich.com\/producto\/productos-de-reciclaje\/carton-papel-y-revistas\/","og_site_name":"Ferros Perich, S.L","article_publisher":"https:\/\/www.facebook.com\/ferrosperich","article_modified_time":"2025-03-27T13:33:13+00:00","og_image":[{"width":750,"height":300,"url":"https:\/\/ferrosperich.com\/wp-content\/uploads\/2025\/03\/slider_Carton-1.jpg","type":"image\/jpeg"}],"twitter_card":"summary_large_image","twitter_misc":{"Tiempo de lectura":"4 minutos"},"schema":{"@context":"https:\/\/schema.org","@graph":[{"@type":"WebPage","@id":"https:\/\/ferrosperich.com\/producto\/productos-de-reciclaje\/carton-papel-y-revistas\/","url":"https:\/\/ferrosperich.com\/producto\/productos-de-reciclaje\/carton-papel-y-revistas\/","name":"Cart\u00f3n, papel y revistas - Ferros Perich, S.L","isPartOf":{"@id":"https:\/\/ferrosperich.com\/#website"},"primaryImageOfPage":{"@id":"https:\/\/ferrosperich.com\/producto\/productos-de-reciclaje\/carton-papel-y-revistas\/#primaryimage"},"image":{"@id":"https:\/\/ferrosperich.com\/producto\/productos-de-reciclaje\/carton-papel-y-revistas\/#primaryimage"},"thumbnailUrl":"https:\/\/ferrosperich.com\/wp-content\/uploads\/2025\/03\/slider_Carton-1.jpg","datePublished":"2025-03-27T13:32:50+00:00","dateModified":"2025-03-27T13:33:13+00:00","description":"El cart\u00f3n es un material formado por varias capas de papel superpuestas, a base de fibra virgen o de papel reciclado.","breadcrumb":{"@id":"https:\/\/ferrosperich.com\/producto\/productos-de-reciclaje\/carton-papel-y-revistas\/#breadcrumb"},"inLanguage":"es","potentialAction":[{"@type":"ReadAction","target":["https:\/\/ferrosperich.com\/producto\/productos-de-reciclaje\/carton-papel-y-revistas\/"]}]},{"@type":"ImageObject","inLanguage":"es","@id":"https:\/\/ferrosperich.com\/producto\/productos-de-reciclaje\/carton-papel-y-revistas\/#primaryimage","url":"https:\/\/ferrosperich.com\/wp-content\/uploads\/2025\/03\/slider_Carton-1.jpg","contentUrl":"https:\/\/ferrosperich.com\/wp-content\/uploads\/2025\/03\/slider_Carton-1.jpg","width":750,"height":300},{"@type":"BreadcrumbList","@id":"https:\/\/ferrosperich.com\/producto\/productos-de-reciclaje\/carton-papel-y-revistas\/#breadcrumb","itemListElement":[{"@type":"ListItem","position":1,"name":"Portada","item":"https:\/\/ferrosperich.com\/es\/"},{"@type":"ListItem","position":2,"name":"Productos","item":"https:\/\/ferrosperich.com\/es\/productos\/"},{"@type":"ListItem","position":3,"name":"Productos de Reciclaje","item":"https:\/\/ferrosperich.com\/categoria-producto\/productos-de-reciclaje\/"},{"@type":"ListItem","position":4,"name":"Cart\u00f3n, papel y revistas"}]},{"@type":"WebSite","@id":"https:\/\/ferrosperich.com\/#website","url":"https:\/\/ferrosperich.com\/","name":"Ferros Perich, S.L","description":"","publisher":{"@id":"https:\/\/ferrosperich.com\/#organization"},"potentialAction":[{"@type":"SearchAction","target":{"@type":"EntryPoint","urlTemplate":"https:\/\/ferrosperich.com\/?s={search_term_string}"},"query-input":{"@type":"PropertyValueSpecification","valueRequired":true,"valueName":"search_term_string"}}],"inLanguage":"es"},{"@type":"Organization","@id":"https:\/\/ferrosperich.com\/#organization","name":"Ferros Perich, S.L","url":"https:\/\/ferrosperich.com\/","logo":{"@type":"ImageObject","inLanguage":"es","@id":"https:\/\/ferrosperich.com\/#\/schema\/logo\/image\/","url":"https:\/\/ferrosperich.com\/wp-content\/uploads\/2025\/03\/FERROS-PERICH-LOGO.png","contentUrl":"https:\/\/ferrosperich.com\/wp-content\/uploads\/2025\/03\/FERROS-PERICH-LOGO.png","width":500,"height":320,"caption":"Ferros Perich, S.L"},"image":{"@id":"https:\/\/ferrosperich.com\/#\/schema\/logo\/image\/"},"sameAs":["https:\/\/www.facebook.com\/ferrosperich","https:\/\/www.youtube.com\/@ferrosperichs.l.7499"]}]}},"_links":{"self":[{"href":"https:\/\/ferrosperich.com\/es\/wp-json\/wp\/v2\/product\/118","targetHints":{"allow":["GET"]}}],"collection":[{"href":"https:\/\/ferrosperich.com\/es\/wp-json\/wp\/v2\/product"}],"about":[{"href":"https:\/\/ferrosperich.com\/es\/wp-json\/wp\/v2\/types\/product"}],"version-history":[{"count":0,"href":"https:\/\/ferrosperich.com\/es\/wp-json\/wp\/v2\/product\/118\/revisions"}],"wp:featuredmedia":[{"embeddable":true,"href":"https:\/\/ferrosperich.com\/es\/wp-json\/wp\/v2\/media\/259"}],"wp:attachment":[{"href":"https:\/\/ferrosperich.com\/es\/wp-json\/wp\/v2\/media?parent=118"}],"wp:term":[{"taxonomy":"product_brand","embeddable":true,"href":"https:\/\/ferrosperich.com\/es\/wp-json\/wp\/v2\/product_brand?post=118"},{"taxonomy":"product_cat","embeddable":true,"href":"https:\/\/ferrosperich.com\/es\/wp-json\/wp\/v2\/product_cat?post=118"},{"taxonomy":"product_tag","embeddable":true,"href":"https:\/\/ferrosperich.com\/es\/wp-json\/wp\/v2\/product_tag?post=118"}],"curies":[{"name":"wp","href":"https:\/\/api.w.org\/{rel}","templated":true}]}}