{"id":115,"date":"2025-03-27T14:32:49","date_gmt":"2025-03-27T13:32:49","guid":{"rendered":"https:\/\/ferrosperich.com\/?post_type=product&#038;p=115"},"modified":"2025-03-27T14:33:09","modified_gmt":"2025-03-27T13:33:09","slug":"materiales-ferricos-hierro","status":"publish","type":"product","link":"https:\/\/ferrosperich.com\/es\/producto\/productos-de-reciclaje\/materiales-ferricos-hierro\/","title":{"rendered":"Materiales f\u00e9rricos &#8211; hierro"},"content":{"rendered":"<p>La chatarra de hierro y acero es vendida para su recuperaci\u00f3n y reciclaje. Puede comprarse en diferentes formatos: chatarra industrial, estructural, viga, carril, maquinaria, veh\u00edculos, recorte de chapa, hierro fundido o hierro colado\u2026 El precio de la chatarra puede variar dependiendo del tipo de hierro.<\/p>\n<p>La Chatarra es el conjunto de trozos de metal de desecho, principalmente hierro (Fe). La chatarra de hierro es utilizada en la producci\u00f3n de acero, cubriendo un 40% de las necesidades mundiales.<\/p>\n<p>El recuperaci\u00f3n de la chatarra en gestores autorizados de reciclaje, como es el caso de Ferros Perich, es un proceso muy beneficios para el medio ambiente. Si no se hubiera reciclado ese material, la chatarra habr\u00eda terminado en un vertedero.<\/p>\n<p>Esa chatarra que luego se funde procede de sobrantes industriales (recortes y virutas), restos de demolici\u00f3n de estructuras y edificaciones, cualquier art\u00edculo o equipo construido con material met\u00e1lico o que contenga componentes met\u00e1licos.<\/p>\n<p>El hierro es uno de los materiales m\u00e1s eficientes ya que se puede reciclar una y otra vez sin que pr\u00e1cticamente afecte a sus propiedades. Hoy en d\u00eda se sigue reciclando acero fabricado hace 150 a\u00f1os.<\/p>\n<p>En Ferros Perich disponemos de un sistema de clasificaci\u00f3n de materiales muy estricto lo que permite cumplir con las exigencias de las fundiciones para poder enfrentarse al mercado de producto nuevo con el mayor nivel de calidad solicitado por sus correspondientes clientes. Esto contribuye a ofrecer a nuestros proveedores precios muy competitivos<\/p>\n<p>El hierro y el acero pueden ser reciclados en chatarrer\u00edas o gestores de residuos autorizados como es el caso de Ferros Perich. Pueden comprarse en diferentes formatos como se describen a continuaci\u00f3n. El precio por kilo de hierro o de acero depende del mercado burs\u00e1til de los metales, entre otros factores., como la demanda de hierro nuevo.<\/p>\n<p>El destino final del reciclado de hierro y de acero es su fundici\u00f3n en hornos. El material en estado l\u00edquido se convertir\u00e1 en nuevos art\u00edculos.<\/p>\n<h3>Chatarra industrial o estructural<\/h3>\n<p>Distinguir corta de larga m\u00e1s de un metro o menos de un metro. Se trata de chatarra de hierro estructural o demolici\u00f3n industrial. Chatarra vieja procedente de demolici\u00f3n de naves industriales, edificaci\u00f3n, \u2026<\/p>\n<h3>Chapajos<\/h3>\n<p>Se trata de chatarra de hierro flojo de chapa o tubo de distintas formas o estructuras, pintado, viejo y de poca consistencia y densidad. Chatarra de mucho volumen y poco peso. Este material debe tratarse en prensas o cizallas para darle una mayor consistencia y peso a la hora de ser transportada a la fundici\u00f3n y para que a \u00e9sta le resulte rentable introducirla en el horno. Por ello su precio es inferior a las otras calidades puesto que adem\u00e1s suele ser material que conlleva mayores mermas de pinturas, pl\u00e1sticos, etc,.. considerados como inertes a la hora de ser fundidos puesto que se evaporan o quedan como escoria en los hornos.<\/p>\n<h3>Chatarra viga o chatarra carril<\/h3>\n<p>Chatarra de carril procedente de desmontaje de v\u00eda de ferrocarril en tramos cortos o largos, en parejas montadas o sueltas. Entre este material podemos encontrar otros elementos de via que ser\u00e1n valorados a parte.<\/p>\n","protected":false},"excerpt":{"rendered":"<p>En Ferros Perich S.L. compramos al mejor precio la chatarra de hierro y la pesamos en b\u00e1sculas revisadas peri\u00f3dicamente para poder garantizar el mejor servicio al cliente.<\/p>\n","protected":false},"featured_media":227,"template":"","meta":{"site-sidebar-layout":"","site-content-layout":"","ast-site-content-layout":"","site-content-style":"","site-sidebar-style":"","ast-global-header-display":"","ast-banner-title-visibility":"","ast-main-header-display":"","ast-hfb-above-header-display":"","ast-hfb-below-header-display":"","ast-hfb-mobile-header-display":"","site-post-title":"","ast-breadcrumbs-content":"","ast-featured-img":"","footer-sml-layout":"","theme-transparent-header-meta":"","adv-header-id-meta":"","stick-header-meta":"","header-above-stick-meta":"","header-main-stick-meta":"","header-below-stick-meta":"","astra-migrate-meta-layouts":"","ast-page-background-enabled":"default","ast-page-background-meta":{"desktop":{"background-color":"var(--ast-global-color-5)","background-image":"","background-repeat":"repeat","background-position":"center center","background-size":"auto","background-attachment":"scroll","background-type":"","background-media":"","overlay-type":"","overlay-color":"","overlay-opacity":"","overlay-gradient":""},"tablet":{"background-color":"","background-image":"","background-repeat":"repeat","background-position":"center center","background-size":"auto","background-attachment":"scroll","background-type":"","background-media":"","overlay-type":"","overlay-color":"","overlay-opacity":"","overlay-gradient":""},"mobile":{"background-color":"","background-image":"","background-repeat":"repeat","background-position":"center center","background-size":"auto","background-attachment":"scroll","background-type":"","background-media":"","overlay-type":"","overlay-color":"","overlay-opacity":"","overlay-gradient":""}},"ast-content-background-meta":{"desktop":{"background-color":"var(--ast-global-color-4)","background-image":"","background-repeat":"repeat","background-position":"center center","background-size":"auto","background-attachment":"scroll","background-type":"","background-media":"","overlay-type":"","overlay-color":"","overlay-opacity":"","overlay-gradient":""},"tablet":{"background-color":"var(--ast-global-color-4)","background-image":"","background-repeat":"repeat","background-position":"center center","background-size":"auto","background-attachment":"scroll","background-type":"","background-media":"","overlay-type":"","overlay-color":"","overlay-opacity":"","overlay-gradient":""},"mobile":{"background-color":"var(--ast-global-color-4)","background-image":"","background-repeat":"repeat","background-position":"center center","background-size":"auto","background-attachment":"scroll","background-type":"","background-media":"","overlay-type":"","overlay-color":"","overlay-opacity":"","overlay-gradient":""}}},"product_brand":[],"product_cat":[53],"product_tag":[],"class_list":{"0":"post-115","1":"product","2":"type-product","3":"status-publish","4":"has-post-thumbnail","6":"product_cat-productos-de-reciclaje","7":"desktop-align-center","8":"tablet-align-left","9":"mobile-align-left","10":"ast-product-gallery-layout-horizontal-slider","11":"ast-product-tabs-layout-horizontal","13":"first","14":"instock","15":"shipping-taxable","16":"product-type-simple"},"yoast_head":"<!-- This site is optimized with the Yoast SEO plugin v26.5 - https:\/\/yoast.com\/wordpress\/plugins\/seo\/ -->\n<title>Materiales f\u00e9rricos - hierro - Ferros Perich, S.L<\/title>\n<meta name=\"description\" content=\"En Ferros Perich S.L. compramos al mejor precio la chatarra de hierro y la pesamos en b\u00e1sculas revisadas peri\u00f3dicamente.\" \/>\n<meta name=\"robots\" content=\"index, follow, max-snippet:-1, max-image-preview:large, max-video-preview:-1\" \/>\n<link rel=\"canonical\" href=\"https:\/\/ferrosperich.com\/producto\/productos-de-reciclaje\/materiales-ferricos-hierro\/\" \/>\n<meta property=\"og:locale\" content=\"es_ES\" \/>\n<meta property=\"og:type\" content=\"article\" \/>\n<meta property=\"og:title\" content=\"Materiales f\u00e9rricos - hierro - Ferros Perich, S.L\" \/>\n<meta property=\"og:description\" content=\"En Ferros Perich S.L. compramos al mejor precio la chatarra de hierro y la pesamos en b\u00e1sculas revisadas peri\u00f3dicamente.\" \/>\n<meta property=\"og:url\" content=\"https:\/\/ferrosperich.com\/producto\/productos-de-reciclaje\/materiales-ferricos-hierro\/\" \/>\n<meta property=\"og:site_name\" content=\"Ferros Perich, S.L\" \/>\n<meta property=\"article:publisher\" content=\"https:\/\/www.facebook.com\/ferrosperich\" \/>\n<meta property=\"article:modified_time\" content=\"2025-03-27T13:33:09+00:00\" \/>\n<meta property=\"og:image\" content=\"https:\/\/ferrosperich.com\/wp-content\/uploads\/2025\/03\/slider_MaterialesFerricos-1.jpg\" \/>\n\t<meta property=\"og:image:width\" content=\"750\" \/>\n\t<meta property=\"og:image:height\" content=\"300\" \/>\n\t<meta property=\"og:image:type\" content=\"image\/jpeg\" \/>\n<meta name=\"twitter:card\" content=\"summary_large_image\" \/>\n<meta name=\"twitter:label1\" content=\"Tiempo de lectura\" \/>\n\t<meta name=\"twitter:data1\" content=\"3 minutos\" \/>\n<script type=\"application\/ld+json\" class=\"yoast-schema-graph\">{\"@context\":\"https:\/\/schema.org\",\"@graph\":[{\"@type\":\"WebPage\",\"@id\":\"https:\/\/ferrosperich.com\/producto\/productos-de-reciclaje\/materiales-ferricos-hierro\/\",\"url\":\"https:\/\/ferrosperich.com\/producto\/productos-de-reciclaje\/materiales-ferricos-hierro\/\",\"name\":\"Materiales f\u00e9rricos - hierro - Ferros Perich, S.L\",\"isPartOf\":{\"@id\":\"https:\/\/ferrosperich.com\/#website\"},\"primaryImageOfPage\":{\"@id\":\"https:\/\/ferrosperich.com\/producto\/productos-de-reciclaje\/materiales-ferricos-hierro\/#primaryimage\"},\"image\":{\"@id\":\"https:\/\/ferrosperich.com\/producto\/productos-de-reciclaje\/materiales-ferricos-hierro\/#primaryimage\"},\"thumbnailUrl\":\"https:\/\/ferrosperich.com\/wp-content\/uploads\/2025\/03\/slider_MaterialesFerricos-1.jpg\",\"datePublished\":\"2025-03-27T13:32:49+00:00\",\"dateModified\":\"2025-03-27T13:33:09+00:00\",\"description\":\"En Ferros Perich S.L. compramos al mejor precio la chatarra de hierro y la pesamos en b\u00e1sculas revisadas peri\u00f3dicamente.\",\"breadcrumb\":{\"@id\":\"https:\/\/ferrosperich.com\/producto\/productos-de-reciclaje\/materiales-ferricos-hierro\/#breadcrumb\"},\"inLanguage\":\"es\",\"potentialAction\":[{\"@type\":\"ReadAction\",\"target\":[\"https:\/\/ferrosperich.com\/producto\/productos-de-reciclaje\/materiales-ferricos-hierro\/\"]}]},{\"@type\":\"ImageObject\",\"inLanguage\":\"es\",\"@id\":\"https:\/\/ferrosperich.com\/producto\/productos-de-reciclaje\/materiales-ferricos-hierro\/#primaryimage\",\"url\":\"https:\/\/ferrosperich.com\/wp-content\/uploads\/2025\/03\/slider_MaterialesFerricos-1.jpg\",\"contentUrl\":\"https:\/\/ferrosperich.com\/wp-content\/uploads\/2025\/03\/slider_MaterialesFerricos-1.jpg\",\"width\":750,\"height\":300},{\"@type\":\"BreadcrumbList\",\"@id\":\"https:\/\/ferrosperich.com\/producto\/productos-de-reciclaje\/materiales-ferricos-hierro\/#breadcrumb\",\"itemListElement\":[{\"@type\":\"ListItem\",\"position\":1,\"name\":\"Portada\",\"item\":\"https:\/\/ferrosperich.com\/es\/\"},{\"@type\":\"ListItem\",\"position\":2,\"name\":\"Productos\",\"item\":\"https:\/\/ferrosperich.com\/es\/productos\/\"},{\"@type\":\"ListItem\",\"position\":3,\"name\":\"Productos de Reciclaje\",\"item\":\"https:\/\/ferrosperich.com\/categoria-producto\/productos-de-reciclaje\/\"},{\"@type\":\"ListItem\",\"position\":4,\"name\":\"Materiales f\u00e9rricos &#8211; hierro\"}]},{\"@type\":\"WebSite\",\"@id\":\"https:\/\/ferrosperich.com\/#website\",\"url\":\"https:\/\/ferrosperich.com\/\",\"name\":\"Ferros Perich, S.L\",\"description\":\"\",\"publisher\":{\"@id\":\"https:\/\/ferrosperich.com\/#organization\"},\"potentialAction\":[{\"@type\":\"SearchAction\",\"target\":{\"@type\":\"EntryPoint\",\"urlTemplate\":\"https:\/\/ferrosperich.com\/?s={search_term_string}\"},\"query-input\":{\"@type\":\"PropertyValueSpecification\",\"valueRequired\":true,\"valueName\":\"search_term_string\"}}],\"inLanguage\":\"es\"},{\"@type\":\"Organization\",\"@id\":\"https:\/\/ferrosperich.com\/#organization\",\"name\":\"Ferros Perich, S.L\",\"url\":\"https:\/\/ferrosperich.com\/\",\"logo\":{\"@type\":\"ImageObject\",\"inLanguage\":\"es\",\"@id\":\"https:\/\/ferrosperich.com\/#\/schema\/logo\/image\/\",\"url\":\"https:\/\/ferrosperich.com\/wp-content\/uploads\/2025\/03\/FERROS-PERICH-LOGO.png\",\"contentUrl\":\"https:\/\/ferrosperich.com\/wp-content\/uploads\/2025\/03\/FERROS-PERICH-LOGO.png\",\"width\":500,\"height\":320,\"caption\":\"Ferros Perich, S.L\"},\"image\":{\"@id\":\"https:\/\/ferrosperich.com\/#\/schema\/logo\/image\/\"},\"sameAs\":[\"https:\/\/www.facebook.com\/ferrosperich\",\"https:\/\/www.youtube.com\/@ferrosperichs.l.7499\"]}]}<\/script>\n<!-- \/ Yoast SEO plugin. -->","yoast_head_json":{"title":"Materiales f\u00e9rricos - hierro - Ferros Perich, S.L","description":"En Ferros Perich S.L. compramos al mejor precio la chatarra de hierro y la pesamos en b\u00e1sculas revisadas peri\u00f3dicamente.","robots":{"index":"index","follow":"follow","max-snippet":"max-snippet:-1","max-image-preview":"max-image-preview:large","max-video-preview":"max-video-preview:-1"},"canonical":"https:\/\/ferrosperich.com\/producto\/productos-de-reciclaje\/materiales-ferricos-hierro\/","og_locale":"es_ES","og_type":"article","og_title":"Materiales f\u00e9rricos - hierro - Ferros Perich, S.L","og_description":"En Ferros Perich S.L. compramos al mejor precio la chatarra de hierro y la pesamos en b\u00e1sculas revisadas peri\u00f3dicamente.","og_url":"https:\/\/ferrosperich.com\/producto\/productos-de-reciclaje\/materiales-ferricos-hierro\/","og_site_name":"Ferros Perich, S.L","article_publisher":"https:\/\/www.facebook.com\/ferrosperich","article_modified_time":"2025-03-27T13:33:09+00:00","og_image":[{"width":750,"height":300,"url":"https:\/\/ferrosperich.com\/wp-content\/uploads\/2025\/03\/slider_MaterialesFerricos-1.jpg","type":"image\/jpeg"}],"twitter_card":"summary_large_image","twitter_misc":{"Tiempo de lectura":"3 minutos"},"schema":{"@context":"https:\/\/schema.org","@graph":[{"@type":"WebPage","@id":"https:\/\/ferrosperich.com\/producto\/productos-de-reciclaje\/materiales-ferricos-hierro\/","url":"https:\/\/ferrosperich.com\/producto\/productos-de-reciclaje\/materiales-ferricos-hierro\/","name":"Materiales f\u00e9rricos - hierro - Ferros Perich, S.L","isPartOf":{"@id":"https:\/\/ferrosperich.com\/#website"},"primaryImageOfPage":{"@id":"https:\/\/ferrosperich.com\/producto\/productos-de-reciclaje\/materiales-ferricos-hierro\/#primaryimage"},"image":{"@id":"https:\/\/ferrosperich.com\/producto\/productos-de-reciclaje\/materiales-ferricos-hierro\/#primaryimage"},"thumbnailUrl":"https:\/\/ferrosperich.com\/wp-content\/uploads\/2025\/03\/slider_MaterialesFerricos-1.jpg","datePublished":"2025-03-27T13:32:49+00:00","dateModified":"2025-03-27T13:33:09+00:00","description":"En Ferros Perich S.L. compramos al mejor precio la chatarra de hierro y la pesamos en b\u00e1sculas revisadas peri\u00f3dicamente.","breadcrumb":{"@id":"https:\/\/ferrosperich.com\/producto\/productos-de-reciclaje\/materiales-ferricos-hierro\/#breadcrumb"},"inLanguage":"es","potentialAction":[{"@type":"ReadAction","target":["https:\/\/ferrosperich.com\/producto\/productos-de-reciclaje\/materiales-ferricos-hierro\/"]}]},{"@type":"ImageObject","inLanguage":"es","@id":"https:\/\/ferrosperich.com\/producto\/productos-de-reciclaje\/materiales-ferricos-hierro\/#primaryimage","url":"https:\/\/ferrosperich.com\/wp-content\/uploads\/2025\/03\/slider_MaterialesFerricos-1.jpg","contentUrl":"https:\/\/ferrosperich.com\/wp-content\/uploads\/2025\/03\/slider_MaterialesFerricos-1.jpg","width":750,"height":300},{"@type":"BreadcrumbList","@id":"https:\/\/ferrosperich.com\/producto\/productos-de-reciclaje\/materiales-ferricos-hierro\/#breadcrumb","itemListElement":[{"@type":"ListItem","position":1,"name":"Portada","item":"https:\/\/ferrosperich.com\/es\/"},{"@type":"ListItem","position":2,"name":"Productos","item":"https:\/\/ferrosperich.com\/es\/productos\/"},{"@type":"ListItem","position":3,"name":"Productos de Reciclaje","item":"https:\/\/ferrosperich.com\/categoria-producto\/productos-de-reciclaje\/"},{"@type":"ListItem","position":4,"name":"Materiales f\u00e9rricos &#8211; hierro"}]},{"@type":"WebSite","@id":"https:\/\/ferrosperich.com\/#website","url":"https:\/\/ferrosperich.com\/","name":"Ferros Perich, S.L","description":"","publisher":{"@id":"https:\/\/ferrosperich.com\/#organization"},"potentialAction":[{"@type":"SearchAction","target":{"@type":"EntryPoint","urlTemplate":"https:\/\/ferrosperich.com\/?s={search_term_string}"},"query-input":{"@type":"PropertyValueSpecification","valueRequired":true,"valueName":"search_term_string"}}],"inLanguage":"es"},{"@type":"Organization","@id":"https:\/\/ferrosperich.com\/#organization","name":"Ferros Perich, S.L","url":"https:\/\/ferrosperich.com\/","logo":{"@type":"ImageObject","inLanguage":"es","@id":"https:\/\/ferrosperich.com\/#\/schema\/logo\/image\/","url":"https:\/\/ferrosperich.com\/wp-content\/uploads\/2025\/03\/FERROS-PERICH-LOGO.png","contentUrl":"https:\/\/ferrosperich.com\/wp-content\/uploads\/2025\/03\/FERROS-PERICH-LOGO.png","width":500,"height":320,"caption":"Ferros Perich, S.L"},"image":{"@id":"https:\/\/ferrosperich.com\/#\/schema\/logo\/image\/"},"sameAs":["https:\/\/www.facebook.com\/ferrosperich","https:\/\/www.youtube.com\/@ferrosperichs.l.7499"]}]}},"_links":{"self":[{"href":"https:\/\/ferrosperich.com\/es\/wp-json\/wp\/v2\/product\/115","targetHints":{"allow":["GET"]}}],"collection":[{"href":"https:\/\/ferrosperich.com\/es\/wp-json\/wp\/v2\/product"}],"about":[{"href":"https:\/\/ferrosperich.com\/es\/wp-json\/wp\/v2\/types\/product"}],"version-history":[{"count":0,"href":"https:\/\/ferrosperich.com\/es\/wp-json\/wp\/v2\/product\/115\/revisions"}],"wp:featuredmedia":[{"embeddable":true,"href":"https:\/\/ferrosperich.com\/es\/wp-json\/wp\/v2\/media\/227"}],"wp:attachment":[{"href":"https:\/\/ferrosperich.com\/es\/wp-json\/wp\/v2\/media?parent=115"}],"wp:term":[{"taxonomy":"product_brand","embeddable":true,"href":"https:\/\/ferrosperich.com\/es\/wp-json\/wp\/v2\/product_brand?post=115"},{"taxonomy":"product_cat","embeddable":true,"href":"https:\/\/ferrosperich.com\/es\/wp-json\/wp\/v2\/product_cat?post=115"},{"taxonomy":"product_tag","embeddable":true,"href":"https:\/\/ferrosperich.com\/es\/wp-json\/wp\/v2\/product_tag?post=115"}],"curies":[{"name":"wp","href":"https:\/\/api.w.org\/{rel}","templated":true}]}}