{"id":114,"date":"2025-03-27T14:32:49","date_gmt":"2025-03-27T13:32:49","guid":{"rendered":"https:\/\/ferrosperich.com\/?post_type=product&#038;p=114"},"modified":"2025-04-29T16:49:09","modified_gmt":"2025-04-29T14:49:09","slug":"chatarra-de-cobre","status":"publish","type":"product","link":"https:\/\/ferrosperich.com\/es\/producto\/productos-de-reciclaje\/chatarra-de-cobre\/","title":{"rendered":"Chatarra de cobre"},"content":{"rendered":"<p>El cobre, de s\u00edmbolo Cu ( n\u00famero at\u00f3mico 29). Es un metal de transici\u00f3n de color rojizo y brillo met\u00e1lico que, junto con la plata y el oro son los mejores conductores de electricidad. Gracias a su alta conductividad el\u00e9ctrica, ductilidad y maleabilidad, es el material m\u00e1s utilizado para fabricar cables el\u00e9ctricos y otros componentes el\u00e9ctricos y electr\u00f3nicos.<\/p>\n<p>Forma aleaciones para mejorar las prestaciones mec\u00e1nicas y es resistente a la corrosi\u00f3n y oxidaci\u00f3n.<\/p>\n<p>Con el cobre se pueden realizar una cantidad elevada de aleaciones que generalmente presentan mejores propiedades mec\u00e1nicas, aunque tienen una conductividad el\u00e9ctrica menor. Las m\u00e1s importantes son conocidas con el nombre de bronces y latones.<\/p>\n<p>El cobre es un metal duradero porque se puede reciclar un n\u00famero casi ilimitado de veces sin que pierda sus propiedades mec\u00e1nicas.<\/p>\n<p>Ha sido uno de los primeros metales en ser utilizado por el hombre en la prehistoria<\/p>\n<p>El cobre es el tercer metal m\u00e1s utilizado en el mundo, por detr\u00e1s del acero y el aluminio.<\/p>\n<h3>Nuevo Hilo<\/h3>\n<p>Hilos de cobre nuevo brillante y sin \u00f3xido, sin alear ni revestimientos. No puede presentar esta\u00f1o, te\u00f1ido, pintado ni ennegrecimiento. Cobre sin usar procedente de cable de diferentes grosores<br \/>\nLibre de aceites, grasas o cualquier otra contaminaci\u00f3n, met\u00e1lica o no. El material debe estar seco y exento de radiactividad. La composici\u00f3n qu\u00edmica debe ser exclusivamente cobre..<\/p>\n<h3>Nuevo tubo o pletina<\/h3>\n<p>Cobre brillante en forma de tubo nuevo, pletinas nuevas, placas macizas, recortes, barras, tuber\u00edas, segmentos\u2026 procedente de sobrantes de producci\u00f3n o instalaci\u00f3n. Debe estar libre de grasas, \u00f3xidos, aceites, tornillos de hierros, gomas,\u2026 No puede presentar esta\u00f1o, te\u00f1ido, pintado ni ennegrecimiento. El material debe estar seco y exento de radiactividad.<br \/>\nLa composici\u00f3n qu\u00edmica debe ser exclusivamente cobre.<\/p>\n<h3>Revuelto<\/h3>\n<p>Metal de fontaner\u00eda o instalaciones procedente de desmontaje de obra.<br \/>\nSe trata de chatarra de cobre mixto sin alear mezcla de hilos de cobre no aleados, cobre de tubo o pletina, cobre de bobinado de motores,\u2026 procedente de obras,<br \/>\nPueden estar esta\u00f1ados, pintados o con soldadura.<br \/>\nEl hilo de cobre puede estar ennegrecido por motivos justificados de incendios procedente de subidas de tensi\u00f3n<br \/>\nDebe de ir libre de aceites y grasas.<br \/>\nEl material debe estar seco y exento de radiactividad.<\/p>\n<h3>Viruta<\/h3>\n<p>Sobrantes de cobre procedentes del mecanizado, torneado y\/o fresado de piezas.<br \/>\nLas virutas de cobre son aceptables siempre que est\u00e9n libres de aceites y taladrinas, restos de pl\u00e1sticos, hierro u otros metales.<\/p>\n<h3>Motores el\u00e9ctricos<\/h3>\n<p>Se trata de chatarra de motores el\u00e9ctricos procedentes de maquinas (de corriente continua, de corriente alterna, motor de inducci\u00f3n, motores sincr\u00f3nicos, motores de colector, etc.), generadores o transformadores el\u00e9ctricos libres de aceites.<br \/>\nEn ning\u00fan caso se recuperar\u00e1n los transformadores que contengan PCB\u00b4S o pyraleno, considerados como residuos peligrosos.<\/p>\n<h3>Calentadores<\/h3>\n<p>Cobre sobrante de las calderas. Calder\u00edn de calentador de agua y gas puede presenta un ba\u00f1o de esta\u00f1o.<br \/>\nDebe ir libre de l\u00edquidos, aceites grasas, lat\u00f3n, bronce, hierro o cualquier otra contaminaci\u00f3n met\u00e1lica.<br \/>\nEl material debe estar seco y exento de radiactividad.<\/p>\n","protected":false},"excerpt":{"rendered":"<p>En Ferros Perich S.L. compramos al mejor precio la chatarra de cobre y la pesamos en b\u00e1sculas revisadas peri\u00f3dicamente para poder garantizar el mejor servicio al cliente.<\/p>\n","protected":false},"featured_media":207,"template":"","meta":{"site-sidebar-layout":"default","site-content-layout":"","ast-site-content-layout":"default","site-content-style":"default","site-sidebar-style":"default","ast-global-header-display":"","ast-banner-title-visibility":"","ast-main-header-display":"","ast-hfb-above-header-display":"","ast-hfb-below-header-display":"","ast-hfb-mobile-header-display":"","site-post-title":"","ast-breadcrumbs-content":"","ast-featured-img":"","footer-sml-layout":"","theme-transparent-header-meta":"default","adv-header-id-meta":"","stick-header-meta":"default","header-above-stick-meta":"","header-main-stick-meta":"","header-below-stick-meta":"","astra-migrate-meta-layouts":"set","ast-page-background-enabled":"default","ast-page-background-meta":{"desktop":{"background-color":"var(--ast-global-color-5)","background-image":"","background-repeat":"repeat","background-position":"center center","background-size":"auto","background-attachment":"scroll","background-type":"","background-media":"","overlay-type":"","overlay-color":"","overlay-opacity":"","overlay-gradient":""},"tablet":{"background-color":"","background-image":"","background-repeat":"repeat","background-position":"center center","background-size":"auto","background-attachment":"scroll","background-type":"","background-media":"","overlay-type":"","overlay-color":"","overlay-opacity":"","overlay-gradient":""},"mobile":{"background-color":"","background-image":"","background-repeat":"repeat","background-position":"center center","background-size":"auto","background-attachment":"scroll","background-type":"","background-media":"","overlay-type":"","overlay-color":"","overlay-opacity":"","overlay-gradient":""}},"ast-content-background-meta":{"desktop":{"background-color":"var(--ast-global-color-4)","background-image":"","background-repeat":"repeat","background-position":"center center","background-size":"auto","background-attachment":"scroll","background-type":"","background-media":"","overlay-type":"","overlay-color":"","overlay-opacity":"","overlay-gradient":""},"tablet":{"background-color":"var(--ast-global-color-4)","background-image":"","background-repeat":"repeat","background-position":"center center","background-size":"auto","background-attachment":"scroll","background-type":"","background-media":"","overlay-type":"","overlay-color":"","overlay-opacity":"","overlay-gradient":""},"mobile":{"background-color":"var(--ast-global-color-4)","background-image":"","background-repeat":"repeat","background-position":"center center","background-size":"auto","background-attachment":"scroll","background-type":"","background-media":"","overlay-type":"","overlay-color":"","overlay-opacity":"","overlay-gradient":""}}},"product_brand":[],"product_cat":[53],"product_tag":[],"class_list":{"0":"post-114","1":"product","2":"type-product","3":"status-publish","4":"has-post-thumbnail","6":"product_cat-productos-de-reciclaje","7":"desktop-align-center","8":"tablet-align-left","9":"mobile-align-left","10":"ast-product-gallery-layout-horizontal-slider","11":"ast-product-tabs-layout-horizontal","13":"first","14":"instock","15":"shipping-taxable","16":"product-type-simple"},"yoast_head":"<!-- This site is optimized with the Yoast SEO plugin v26.5 - https:\/\/yoast.com\/wordpress\/plugins\/seo\/ -->\n<title>Chatarra de cobre - Ferros Perich, S.L<\/title>\n<meta name=\"description\" content=\"El cobre es el material m\u00e1s utilizado para fabricar cables el\u00e9ctricos y otros componentes el\u00e9ctricos y electr\u00f3nicos. Contacta con nosotros!\" \/>\n<meta name=\"robots\" content=\"index, follow, max-snippet:-1, max-image-preview:large, max-video-preview:-1\" \/>\n<link rel=\"canonical\" href=\"https:\/\/ferrosperich.com\/producto\/productos-de-reciclaje\/chatarra-de-cobre\/\" \/>\n<meta property=\"og:locale\" content=\"es_ES\" \/>\n<meta property=\"og:type\" content=\"article\" \/>\n<meta property=\"og:title\" content=\"Chatarra de cobre - Ferros Perich, S.L\" \/>\n<meta property=\"og:description\" content=\"El cobre es el material m\u00e1s utilizado para fabricar cables el\u00e9ctricos y otros componentes el\u00e9ctricos y electr\u00f3nicos. Contacta con nosotros!\" \/>\n<meta property=\"og:url\" content=\"https:\/\/ferrosperich.com\/producto\/productos-de-reciclaje\/chatarra-de-cobre\/\" \/>\n<meta property=\"og:site_name\" content=\"Ferros Perich, S.L\" \/>\n<meta property=\"article:publisher\" content=\"https:\/\/www.facebook.com\/ferrosperich\" \/>\n<meta property=\"article:modified_time\" content=\"2025-04-29T14:49:09+00:00\" \/>\n<meta property=\"og:image\" content=\"https:\/\/ferrosperich.com\/wp-content\/uploads\/2025\/03\/slider_Cobre-1.jpg\" \/>\n\t<meta property=\"og:image:width\" content=\"750\" \/>\n\t<meta property=\"og:image:height\" content=\"300\" \/>\n\t<meta property=\"og:image:type\" content=\"image\/jpeg\" \/>\n<meta name=\"twitter:card\" content=\"summary_large_image\" \/>\n<meta name=\"twitter:label1\" content=\"Tiempo de lectura\" \/>\n\t<meta name=\"twitter:data1\" content=\"3 minutos\" \/>\n<script type=\"application\/ld+json\" class=\"yoast-schema-graph\">{\"@context\":\"https:\/\/schema.org\",\"@graph\":[{\"@type\":\"WebPage\",\"@id\":\"https:\/\/ferrosperich.com\/producto\/productos-de-reciclaje\/chatarra-de-cobre\/\",\"url\":\"https:\/\/ferrosperich.com\/producto\/productos-de-reciclaje\/chatarra-de-cobre\/\",\"name\":\"Chatarra de cobre - Ferros Perich, S.L\",\"isPartOf\":{\"@id\":\"https:\/\/ferrosperich.com\/#website\"},\"primaryImageOfPage\":{\"@id\":\"https:\/\/ferrosperich.com\/producto\/productos-de-reciclaje\/chatarra-de-cobre\/#primaryimage\"},\"image\":{\"@id\":\"https:\/\/ferrosperich.com\/producto\/productos-de-reciclaje\/chatarra-de-cobre\/#primaryimage\"},\"thumbnailUrl\":\"https:\/\/ferrosperich.com\/wp-content\/uploads\/2025\/03\/slider_Cobre-1.jpg\",\"datePublished\":\"2025-03-27T13:32:49+00:00\",\"dateModified\":\"2025-04-29T14:49:09+00:00\",\"description\":\"El cobre es el material m\u00e1s utilizado para fabricar cables el\u00e9ctricos y otros componentes el\u00e9ctricos y electr\u00f3nicos. Contacta con nosotros!\",\"breadcrumb\":{\"@id\":\"https:\/\/ferrosperich.com\/producto\/productos-de-reciclaje\/chatarra-de-cobre\/#breadcrumb\"},\"inLanguage\":\"es\",\"potentialAction\":[{\"@type\":\"ReadAction\",\"target\":[\"https:\/\/ferrosperich.com\/producto\/productos-de-reciclaje\/chatarra-de-cobre\/\"]}]},{\"@type\":\"ImageObject\",\"inLanguage\":\"es\",\"@id\":\"https:\/\/ferrosperich.com\/producto\/productos-de-reciclaje\/chatarra-de-cobre\/#primaryimage\",\"url\":\"https:\/\/ferrosperich.com\/wp-content\/uploads\/2025\/03\/slider_Cobre-1.jpg\",\"contentUrl\":\"https:\/\/ferrosperich.com\/wp-content\/uploads\/2025\/03\/slider_Cobre-1.jpg\",\"width\":750,\"height\":300},{\"@type\":\"BreadcrumbList\",\"@id\":\"https:\/\/ferrosperich.com\/producto\/productos-de-reciclaje\/chatarra-de-cobre\/#breadcrumb\",\"itemListElement\":[{\"@type\":\"ListItem\",\"position\":1,\"name\":\"Portada\",\"item\":\"https:\/\/ferrosperich.com\/es\/\"},{\"@type\":\"ListItem\",\"position\":2,\"name\":\"Productos\",\"item\":\"https:\/\/ferrosperich.com\/es\/productos\/\"},{\"@type\":\"ListItem\",\"position\":3,\"name\":\"Productos de Reciclaje\",\"item\":\"https:\/\/ferrosperich.com\/categoria-producto\/productos-de-reciclaje\/\"},{\"@type\":\"ListItem\",\"position\":4,\"name\":\"Chatarra de cobre\"}]},{\"@type\":\"WebSite\",\"@id\":\"https:\/\/ferrosperich.com\/#website\",\"url\":\"https:\/\/ferrosperich.com\/\",\"name\":\"Ferros Perich, S.L\",\"description\":\"\",\"publisher\":{\"@id\":\"https:\/\/ferrosperich.com\/#organization\"},\"potentialAction\":[{\"@type\":\"SearchAction\",\"target\":{\"@type\":\"EntryPoint\",\"urlTemplate\":\"https:\/\/ferrosperich.com\/?s={search_term_string}\"},\"query-input\":{\"@type\":\"PropertyValueSpecification\",\"valueRequired\":true,\"valueName\":\"search_term_string\"}}],\"inLanguage\":\"es\"},{\"@type\":\"Organization\",\"@id\":\"https:\/\/ferrosperich.com\/#organization\",\"name\":\"Ferros Perich, S.L\",\"url\":\"https:\/\/ferrosperich.com\/\",\"logo\":{\"@type\":\"ImageObject\",\"inLanguage\":\"es\",\"@id\":\"https:\/\/ferrosperich.com\/#\/schema\/logo\/image\/\",\"url\":\"https:\/\/ferrosperich.com\/wp-content\/uploads\/2025\/03\/FERROS-PERICH-LOGO.png\",\"contentUrl\":\"https:\/\/ferrosperich.com\/wp-content\/uploads\/2025\/03\/FERROS-PERICH-LOGO.png\",\"width\":500,\"height\":320,\"caption\":\"Ferros Perich, S.L\"},\"image\":{\"@id\":\"https:\/\/ferrosperich.com\/#\/schema\/logo\/image\/\"},\"sameAs\":[\"https:\/\/www.facebook.com\/ferrosperich\",\"https:\/\/www.youtube.com\/@ferrosperichs.l.7499\"]}]}<\/script>\n<!-- \/ Yoast SEO plugin. -->","yoast_head_json":{"title":"Chatarra de cobre - Ferros Perich, S.L","description":"El cobre es el material m\u00e1s utilizado para fabricar cables el\u00e9ctricos y otros componentes el\u00e9ctricos y electr\u00f3nicos. Contacta con nosotros!","robots":{"index":"index","follow":"follow","max-snippet":"max-snippet:-1","max-image-preview":"max-image-preview:large","max-video-preview":"max-video-preview:-1"},"canonical":"https:\/\/ferrosperich.com\/producto\/productos-de-reciclaje\/chatarra-de-cobre\/","og_locale":"es_ES","og_type":"article","og_title":"Chatarra de cobre - Ferros Perich, S.L","og_description":"El cobre es el material m\u00e1s utilizado para fabricar cables el\u00e9ctricos y otros componentes el\u00e9ctricos y electr\u00f3nicos. Contacta con nosotros!","og_url":"https:\/\/ferrosperich.com\/producto\/productos-de-reciclaje\/chatarra-de-cobre\/","og_site_name":"Ferros Perich, S.L","article_publisher":"https:\/\/www.facebook.com\/ferrosperich","article_modified_time":"2025-04-29T14:49:09+00:00","og_image":[{"width":750,"height":300,"url":"https:\/\/ferrosperich.com\/wp-content\/uploads\/2025\/03\/slider_Cobre-1.jpg","type":"image\/jpeg"}],"twitter_card":"summary_large_image","twitter_misc":{"Tiempo de lectura":"3 minutos"},"schema":{"@context":"https:\/\/schema.org","@graph":[{"@type":"WebPage","@id":"https:\/\/ferrosperich.com\/producto\/productos-de-reciclaje\/chatarra-de-cobre\/","url":"https:\/\/ferrosperich.com\/producto\/productos-de-reciclaje\/chatarra-de-cobre\/","name":"Chatarra de cobre - Ferros Perich, S.L","isPartOf":{"@id":"https:\/\/ferrosperich.com\/#website"},"primaryImageOfPage":{"@id":"https:\/\/ferrosperich.com\/producto\/productos-de-reciclaje\/chatarra-de-cobre\/#primaryimage"},"image":{"@id":"https:\/\/ferrosperich.com\/producto\/productos-de-reciclaje\/chatarra-de-cobre\/#primaryimage"},"thumbnailUrl":"https:\/\/ferrosperich.com\/wp-content\/uploads\/2025\/03\/slider_Cobre-1.jpg","datePublished":"2025-03-27T13:32:49+00:00","dateModified":"2025-04-29T14:49:09+00:00","description":"El cobre es el material m\u00e1s utilizado para fabricar cables el\u00e9ctricos y otros componentes el\u00e9ctricos y electr\u00f3nicos. Contacta con nosotros!","breadcrumb":{"@id":"https:\/\/ferrosperich.com\/producto\/productos-de-reciclaje\/chatarra-de-cobre\/#breadcrumb"},"inLanguage":"es","potentialAction":[{"@type":"ReadAction","target":["https:\/\/ferrosperich.com\/producto\/productos-de-reciclaje\/chatarra-de-cobre\/"]}]},{"@type":"ImageObject","inLanguage":"es","@id":"https:\/\/ferrosperich.com\/producto\/productos-de-reciclaje\/chatarra-de-cobre\/#primaryimage","url":"https:\/\/ferrosperich.com\/wp-content\/uploads\/2025\/03\/slider_Cobre-1.jpg","contentUrl":"https:\/\/ferrosperich.com\/wp-content\/uploads\/2025\/03\/slider_Cobre-1.jpg","width":750,"height":300},{"@type":"BreadcrumbList","@id":"https:\/\/ferrosperich.com\/producto\/productos-de-reciclaje\/chatarra-de-cobre\/#breadcrumb","itemListElement":[{"@type":"ListItem","position":1,"name":"Portada","item":"https:\/\/ferrosperich.com\/es\/"},{"@type":"ListItem","position":2,"name":"Productos","item":"https:\/\/ferrosperich.com\/es\/productos\/"},{"@type":"ListItem","position":3,"name":"Productos de Reciclaje","item":"https:\/\/ferrosperich.com\/categoria-producto\/productos-de-reciclaje\/"},{"@type":"ListItem","position":4,"name":"Chatarra de cobre"}]},{"@type":"WebSite","@id":"https:\/\/ferrosperich.com\/#website","url":"https:\/\/ferrosperich.com\/","name":"Ferros Perich, S.L","description":"","publisher":{"@id":"https:\/\/ferrosperich.com\/#organization"},"potentialAction":[{"@type":"SearchAction","target":{"@type":"EntryPoint","urlTemplate":"https:\/\/ferrosperich.com\/?s={search_term_string}"},"query-input":{"@type":"PropertyValueSpecification","valueRequired":true,"valueName":"search_term_string"}}],"inLanguage":"es"},{"@type":"Organization","@id":"https:\/\/ferrosperich.com\/#organization","name":"Ferros Perich, S.L","url":"https:\/\/ferrosperich.com\/","logo":{"@type":"ImageObject","inLanguage":"es","@id":"https:\/\/ferrosperich.com\/#\/schema\/logo\/image\/","url":"https:\/\/ferrosperich.com\/wp-content\/uploads\/2025\/03\/FERROS-PERICH-LOGO.png","contentUrl":"https:\/\/ferrosperich.com\/wp-content\/uploads\/2025\/03\/FERROS-PERICH-LOGO.png","width":500,"height":320,"caption":"Ferros Perich, S.L"},"image":{"@id":"https:\/\/ferrosperich.com\/#\/schema\/logo\/image\/"},"sameAs":["https:\/\/www.facebook.com\/ferrosperich","https:\/\/www.youtube.com\/@ferrosperichs.l.7499"]}]}},"_links":{"self":[{"href":"https:\/\/ferrosperich.com\/es\/wp-json\/wp\/v2\/product\/114","targetHints":{"allow":["GET"]}}],"collection":[{"href":"https:\/\/ferrosperich.com\/es\/wp-json\/wp\/v2\/product"}],"about":[{"href":"https:\/\/ferrosperich.com\/es\/wp-json\/wp\/v2\/types\/product"}],"version-history":[{"count":1,"href":"https:\/\/ferrosperich.com\/es\/wp-json\/wp\/v2\/product\/114\/revisions"}],"predecessor-version":[{"id":1915,"href":"https:\/\/ferrosperich.com\/es\/wp-json\/wp\/v2\/product\/114\/revisions\/1915"}],"wp:featuredmedia":[{"embeddable":true,"href":"https:\/\/ferrosperich.com\/es\/wp-json\/wp\/v2\/media\/207"}],"wp:attachment":[{"href":"https:\/\/ferrosperich.com\/es\/wp-json\/wp\/v2\/media?parent=114"}],"wp:term":[{"taxonomy":"product_brand","embeddable":true,"href":"https:\/\/ferrosperich.com\/es\/wp-json\/wp\/v2\/product_brand?post=114"},{"taxonomy":"product_cat","embeddable":true,"href":"https:\/\/ferrosperich.com\/es\/wp-json\/wp\/v2\/product_cat?post=114"},{"taxonomy":"product_tag","embeddable":true,"href":"https:\/\/ferrosperich.com\/es\/wp-json\/wp\/v2\/product_tag?post=114"}],"curies":[{"name":"wp","href":"https:\/\/api.w.org\/{rel}","templated":true}]}}