{"id":112,"date":"2025-03-27T14:32:49","date_gmt":"2025-03-27T13:32:49","guid":{"rendered":"https:\/\/ferrosperich.com\/?post_type=product&#038;p=112"},"modified":"2025-03-27T14:33:05","modified_gmt":"2025-03-27T13:33:05","slug":"cables-y-mangueras","status":"publish","type":"product","link":"https:\/\/ferrosperich.com\/es\/producto\/productos-de-reciclaje\/cables-y-mangueras\/","title":{"rendered":"Cables y mangueras"},"content":{"rendered":"<p>Los cables que conducen electricidad se fabrican generalmente en cobre (por su excelente conductividad) o en aluminio (menor conductividad pero m\u00e1s econ\u00f3mico). Normalmente tienen un aislamiento de pl\u00e1stico que oscila desde los 500 \u00b5m hasta los 5 cm; el tipo y grosor del aislamiento depende del nivel de tensi\u00f3n de trabajo, la corriente nominal, de la temperatura ambiente y de la temperatura de servicio del conductor.<\/p>\n<p>El cable de cobre y la manguera de aluminio pueden ser reciclados en chatarrer\u00edas o gestores de residuos autorizados como es el caso de Ferros Perich. Puede comprarse en diferentes formatos y grosores como se describen a continuaci\u00f3n. El precio por kilo de manguera de cobre o cable de aluminio depende del mercado burs\u00e1til de los metales, entre otros factores.<\/p>\n<p>La manguera de cobre o de aluminio reciclada en Ferros Perich procede de demoliciones, empresas de reformas, retales de empresas de electricidad, restos descatalogados, instaladores el\u00e9ctricos, cables viejos, cables defectuosos,\u2026<\/p>\n<p>El cable de cobre o aluminio puede ser: cable paralelo, cable de datos, cable de red, manguera de tel\u00e9fono, manguera de cobre unipolar, cable de pares, cable coaxial, cable apantallado, cable de par trenzado, cables mec\u00e1nicos,\u2026.<br \/>\nMangueras de Cobre<\/p>\n<p>El precio de la manguera variar\u00e1, entre otros factores, en funci\u00f3n del contenido de cobre u otros metales como aluminio, hierro,\u2026 dentro del cable. En la mayor\u00eda de operaciones de compra de este material es necesario realizar una inspecci\u00f3n visual del cable y separaci\u00f3n del metal del resto de componentes (pl\u00e1stico, PVC, goma,\u2026) para calcular el porcentaje de cobre que contiene el cable y as\u00ed poder ofrecer el mejor precio.<\/p>\n<h3>Tipos de manguera:<\/h3>\n<ul>\n<li>Manguera cobre unipolar<\/li>\n<li>Manguera cobre revuelto<\/li>\n<li>Manguera cobre pantalla de aluminio<\/li>\n<li>Manguera bajo plomo de cobre<\/li>\n<li>Manguera cobre con pantalla Fe<\/li>\n<li>Manguera cobre: cable comunicaciones<\/li>\n<\/ul>\n<p><\/p>\n<h3>Mangueras de Aluminio<\/h3>\n<p>El precio de la manguera variar\u00e1, entre otros factores, en funci\u00f3n del contenido de aluminio u otros metales como cobre, hierro,\u2026 dentro del cable. En la mayor\u00eda de operaciones de compra de este material es necesario realizar una inspecci\u00f3n visual del cable y separaci\u00f3n del metal del resto de componentes (pl\u00e1stico, PVC, goma,\u2026) para calcular el porcentaje de aluminio que contiene el cable y as\u00ed poder ofrecer el mejor precio.<\/p>\n<h3>Tipos de manguera:<\/h3>\n<ul>\n<li>Manguera aluminio unipolar<\/li>\n<li>Manguera aluminio revuelto<\/li>\n<li>Manguera aluminio pantalla de cobre<\/li>\n<li>Manguera bajo plomo de aluminio<\/li>\n<li>Manguera aluminio PVC roja<\/li>\n<li>Manguera aluminio PVC negra<\/li>\n<\/ul>\n","protected":false},"excerpt":{"rendered":"<p>En Ferros Perich S.L. compramos al mejor precio la chatarra de cable de cobre y manguera de aluminio y la pesamos en b\u00e1sculas revisadas peri\u00f3dicamente para poder garantizar el mejor servicio al cliente.<\/p>\n","protected":false},"featured_media":181,"template":"","meta":{"site-sidebar-layout":"","site-content-layout":"","ast-site-content-layout":"","site-content-style":"","site-sidebar-style":"","ast-global-header-display":"","ast-banner-title-visibility":"","ast-main-header-display":"","ast-hfb-above-header-display":"","ast-hfb-below-header-display":"","ast-hfb-mobile-header-display":"","site-post-title":"","ast-breadcrumbs-content":"","ast-featured-img":"","footer-sml-layout":"","theme-transparent-header-meta":"","adv-header-id-meta":"","stick-header-meta":"","header-above-stick-meta":"","header-main-stick-meta":"","header-below-stick-meta":"","astra-migrate-meta-layouts":"","ast-page-background-enabled":"default","ast-page-background-meta":{"desktop":{"background-color":"var(--ast-global-color-5)","background-image":"","background-repeat":"repeat","background-position":"center center","background-size":"auto","background-attachment":"scroll","background-type":"","background-media":"","overlay-type":"","overlay-color":"","overlay-opacity":"","overlay-gradient":""},"tablet":{"background-color":"","background-image":"","background-repeat":"repeat","background-position":"center center","background-size":"auto","background-attachment":"scroll","background-type":"","background-media":"","overlay-type":"","overlay-color":"","overlay-opacity":"","overlay-gradient":""},"mobile":{"background-color":"","background-image":"","background-repeat":"repeat","background-position":"center center","background-size":"auto","background-attachment":"scroll","background-type":"","background-media":"","overlay-type":"","overlay-color":"","overlay-opacity":"","overlay-gradient":""}},"ast-content-background-meta":{"desktop":{"background-color":"var(--ast-global-color-4)","background-image":"","background-repeat":"repeat","background-position":"center center","background-size":"auto","background-attachment":"scroll","background-type":"","background-media":"","overlay-type":"","overlay-color":"","overlay-opacity":"","overlay-gradient":""},"tablet":{"background-color":"var(--ast-global-color-4)","background-image":"","background-repeat":"repeat","background-position":"center center","background-size":"auto","background-attachment":"scroll","background-type":"","background-media":"","overlay-type":"","overlay-color":"","overlay-opacity":"","overlay-gradient":""},"mobile":{"background-color":"var(--ast-global-color-4)","background-image":"","background-repeat":"repeat","background-position":"center center","background-size":"auto","background-attachment":"scroll","background-type":"","background-media":"","overlay-type":"","overlay-color":"","overlay-opacity":"","overlay-gradient":""}}},"product_brand":[],"product_cat":[53],"product_tag":[],"class_list":{"0":"post-112","1":"product","2":"type-product","3":"status-publish","4":"has-post-thumbnail","6":"product_cat-productos-de-reciclaje","7":"desktop-align-center","8":"tablet-align-left","9":"mobile-align-left","10":"ast-product-gallery-layout-horizontal-slider","11":"ast-product-tabs-layout-horizontal","13":"first","14":"instock","15":"shipping-taxable","16":"product-type-simple"},"yoast_head":"<!-- This site is optimized with the Yoast SEO plugin v26.5 - https:\/\/yoast.com\/wordpress\/plugins\/seo\/ -->\n<title>Cables y mangueras - Ferros Perich, S.L<\/title>\n<meta name=\"description\" content=\"En Ferros Perich S.L. compramos la chatarra de cable de cobre y manguera de aluminio y la pesamos en b\u00e1sculas revisadas peri\u00f3dicamente.\" \/>\n<meta name=\"robots\" content=\"index, follow, max-snippet:-1, max-image-preview:large, max-video-preview:-1\" \/>\n<link rel=\"canonical\" href=\"https:\/\/ferrosperich.com\/producto\/productos-de-reciclaje\/cables-y-mangueras\/\" \/>\n<meta property=\"og:locale\" content=\"es_ES\" \/>\n<meta property=\"og:type\" content=\"article\" \/>\n<meta property=\"og:title\" content=\"Cables y mangueras - Ferros Perich, S.L\" \/>\n<meta property=\"og:description\" content=\"En Ferros Perich S.L. compramos la chatarra de cable de cobre y manguera de aluminio y la pesamos en b\u00e1sculas revisadas peri\u00f3dicamente.\" \/>\n<meta property=\"og:url\" content=\"https:\/\/ferrosperich.com\/producto\/productos-de-reciclaje\/cables-y-mangueras\/\" \/>\n<meta property=\"og:site_name\" content=\"Ferros Perich, S.L\" \/>\n<meta property=\"article:publisher\" content=\"https:\/\/www.facebook.com\/ferrosperich\" \/>\n<meta property=\"article:modified_time\" content=\"2025-03-27T13:33:05+00:00\" \/>\n<meta property=\"og:image\" content=\"https:\/\/ferrosperich.com\/wp-content\/uploads\/2025\/03\/slider_Cables-1.jpg\" \/>\n\t<meta property=\"og:image:width\" content=\"750\" \/>\n\t<meta property=\"og:image:height\" content=\"300\" \/>\n\t<meta property=\"og:image:type\" content=\"image\/jpeg\" \/>\n<meta name=\"twitter:card\" content=\"summary_large_image\" \/>\n<meta name=\"twitter:label1\" content=\"Tiempo de lectura\" \/>\n\t<meta name=\"twitter:data1\" content=\"2 minutos\" \/>\n<script type=\"application\/ld+json\" class=\"yoast-schema-graph\">{\"@context\":\"https:\/\/schema.org\",\"@graph\":[{\"@type\":\"WebPage\",\"@id\":\"https:\/\/ferrosperich.com\/producto\/productos-de-reciclaje\/cables-y-mangueras\/\",\"url\":\"https:\/\/ferrosperich.com\/producto\/productos-de-reciclaje\/cables-y-mangueras\/\",\"name\":\"Cables y mangueras - Ferros Perich, S.L\",\"isPartOf\":{\"@id\":\"https:\/\/ferrosperich.com\/#website\"},\"primaryImageOfPage\":{\"@id\":\"https:\/\/ferrosperich.com\/producto\/productos-de-reciclaje\/cables-y-mangueras\/#primaryimage\"},\"image\":{\"@id\":\"https:\/\/ferrosperich.com\/producto\/productos-de-reciclaje\/cables-y-mangueras\/#primaryimage\"},\"thumbnailUrl\":\"https:\/\/ferrosperich.com\/wp-content\/uploads\/2025\/03\/slider_Cables-1.jpg\",\"datePublished\":\"2025-03-27T13:32:49+00:00\",\"dateModified\":\"2025-03-27T13:33:05+00:00\",\"description\":\"En Ferros Perich S.L. compramos la chatarra de cable de cobre y manguera de aluminio y la pesamos en b\u00e1sculas revisadas peri\u00f3dicamente.\",\"breadcrumb\":{\"@id\":\"https:\/\/ferrosperich.com\/producto\/productos-de-reciclaje\/cables-y-mangueras\/#breadcrumb\"},\"inLanguage\":\"es\",\"potentialAction\":[{\"@type\":\"ReadAction\",\"target\":[\"https:\/\/ferrosperich.com\/producto\/productos-de-reciclaje\/cables-y-mangueras\/\"]}]},{\"@type\":\"ImageObject\",\"inLanguage\":\"es\",\"@id\":\"https:\/\/ferrosperich.com\/producto\/productos-de-reciclaje\/cables-y-mangueras\/#primaryimage\",\"url\":\"https:\/\/ferrosperich.com\/wp-content\/uploads\/2025\/03\/slider_Cables-1.jpg\",\"contentUrl\":\"https:\/\/ferrosperich.com\/wp-content\/uploads\/2025\/03\/slider_Cables-1.jpg\",\"width\":750,\"height\":300},{\"@type\":\"BreadcrumbList\",\"@id\":\"https:\/\/ferrosperich.com\/producto\/productos-de-reciclaje\/cables-y-mangueras\/#breadcrumb\",\"itemListElement\":[{\"@type\":\"ListItem\",\"position\":1,\"name\":\"Portada\",\"item\":\"https:\/\/ferrosperich.com\/es\/\"},{\"@type\":\"ListItem\",\"position\":2,\"name\":\"Productos\",\"item\":\"https:\/\/ferrosperich.com\/es\/productos\/\"},{\"@type\":\"ListItem\",\"position\":3,\"name\":\"Productos de Reciclaje\",\"item\":\"https:\/\/ferrosperich.com\/categoria-producto\/productos-de-reciclaje\/\"},{\"@type\":\"ListItem\",\"position\":4,\"name\":\"Cables y mangueras\"}]},{\"@type\":\"WebSite\",\"@id\":\"https:\/\/ferrosperich.com\/#website\",\"url\":\"https:\/\/ferrosperich.com\/\",\"name\":\"Ferros Perich, S.L\",\"description\":\"\",\"publisher\":{\"@id\":\"https:\/\/ferrosperich.com\/#organization\"},\"potentialAction\":[{\"@type\":\"SearchAction\",\"target\":{\"@type\":\"EntryPoint\",\"urlTemplate\":\"https:\/\/ferrosperich.com\/?s={search_term_string}\"},\"query-input\":{\"@type\":\"PropertyValueSpecification\",\"valueRequired\":true,\"valueName\":\"search_term_string\"}}],\"inLanguage\":\"es\"},{\"@type\":\"Organization\",\"@id\":\"https:\/\/ferrosperich.com\/#organization\",\"name\":\"Ferros Perich, S.L\",\"url\":\"https:\/\/ferrosperich.com\/\",\"logo\":{\"@type\":\"ImageObject\",\"inLanguage\":\"es\",\"@id\":\"https:\/\/ferrosperich.com\/#\/schema\/logo\/image\/\",\"url\":\"https:\/\/ferrosperich.com\/wp-content\/uploads\/2025\/03\/FERROS-PERICH-LOGO.png\",\"contentUrl\":\"https:\/\/ferrosperich.com\/wp-content\/uploads\/2025\/03\/FERROS-PERICH-LOGO.png\",\"width\":500,\"height\":320,\"caption\":\"Ferros Perich, S.L\"},\"image\":{\"@id\":\"https:\/\/ferrosperich.com\/#\/schema\/logo\/image\/\"},\"sameAs\":[\"https:\/\/www.facebook.com\/ferrosperich\",\"https:\/\/www.youtube.com\/@ferrosperichs.l.7499\"]}]}<\/script>\n<!-- \/ Yoast SEO plugin. -->","yoast_head_json":{"title":"Cables y mangueras - Ferros Perich, S.L","description":"En Ferros Perich S.L. compramos la chatarra de cable de cobre y manguera de aluminio y la pesamos en b\u00e1sculas revisadas peri\u00f3dicamente.","robots":{"index":"index","follow":"follow","max-snippet":"max-snippet:-1","max-image-preview":"max-image-preview:large","max-video-preview":"max-video-preview:-1"},"canonical":"https:\/\/ferrosperich.com\/producto\/productos-de-reciclaje\/cables-y-mangueras\/","og_locale":"es_ES","og_type":"article","og_title":"Cables y mangueras - Ferros Perich, S.L","og_description":"En Ferros Perich S.L. compramos la chatarra de cable de cobre y manguera de aluminio y la pesamos en b\u00e1sculas revisadas peri\u00f3dicamente.","og_url":"https:\/\/ferrosperich.com\/producto\/productos-de-reciclaje\/cables-y-mangueras\/","og_site_name":"Ferros Perich, S.L","article_publisher":"https:\/\/www.facebook.com\/ferrosperich","article_modified_time":"2025-03-27T13:33:05+00:00","og_image":[{"width":750,"height":300,"url":"https:\/\/ferrosperich.com\/wp-content\/uploads\/2025\/03\/slider_Cables-1.jpg","type":"image\/jpeg"}],"twitter_card":"summary_large_image","twitter_misc":{"Tiempo de lectura":"2 minutos"},"schema":{"@context":"https:\/\/schema.org","@graph":[{"@type":"WebPage","@id":"https:\/\/ferrosperich.com\/producto\/productos-de-reciclaje\/cables-y-mangueras\/","url":"https:\/\/ferrosperich.com\/producto\/productos-de-reciclaje\/cables-y-mangueras\/","name":"Cables y mangueras - Ferros Perich, S.L","isPartOf":{"@id":"https:\/\/ferrosperich.com\/#website"},"primaryImageOfPage":{"@id":"https:\/\/ferrosperich.com\/producto\/productos-de-reciclaje\/cables-y-mangueras\/#primaryimage"},"image":{"@id":"https:\/\/ferrosperich.com\/producto\/productos-de-reciclaje\/cables-y-mangueras\/#primaryimage"},"thumbnailUrl":"https:\/\/ferrosperich.com\/wp-content\/uploads\/2025\/03\/slider_Cables-1.jpg","datePublished":"2025-03-27T13:32:49+00:00","dateModified":"2025-03-27T13:33:05+00:00","description":"En Ferros Perich S.L. compramos la chatarra de cable de cobre y manguera de aluminio y la pesamos en b\u00e1sculas revisadas peri\u00f3dicamente.","breadcrumb":{"@id":"https:\/\/ferrosperich.com\/producto\/productos-de-reciclaje\/cables-y-mangueras\/#breadcrumb"},"inLanguage":"es","potentialAction":[{"@type":"ReadAction","target":["https:\/\/ferrosperich.com\/producto\/productos-de-reciclaje\/cables-y-mangueras\/"]}]},{"@type":"ImageObject","inLanguage":"es","@id":"https:\/\/ferrosperich.com\/producto\/productos-de-reciclaje\/cables-y-mangueras\/#primaryimage","url":"https:\/\/ferrosperich.com\/wp-content\/uploads\/2025\/03\/slider_Cables-1.jpg","contentUrl":"https:\/\/ferrosperich.com\/wp-content\/uploads\/2025\/03\/slider_Cables-1.jpg","width":750,"height":300},{"@type":"BreadcrumbList","@id":"https:\/\/ferrosperich.com\/producto\/productos-de-reciclaje\/cables-y-mangueras\/#breadcrumb","itemListElement":[{"@type":"ListItem","position":1,"name":"Portada","item":"https:\/\/ferrosperich.com\/es\/"},{"@type":"ListItem","position":2,"name":"Productos","item":"https:\/\/ferrosperich.com\/es\/productos\/"},{"@type":"ListItem","position":3,"name":"Productos de Reciclaje","item":"https:\/\/ferrosperich.com\/categoria-producto\/productos-de-reciclaje\/"},{"@type":"ListItem","position":4,"name":"Cables y mangueras"}]},{"@type":"WebSite","@id":"https:\/\/ferrosperich.com\/#website","url":"https:\/\/ferrosperich.com\/","name":"Ferros Perich, S.L","description":"","publisher":{"@id":"https:\/\/ferrosperich.com\/#organization"},"potentialAction":[{"@type":"SearchAction","target":{"@type":"EntryPoint","urlTemplate":"https:\/\/ferrosperich.com\/?s={search_term_string}"},"query-input":{"@type":"PropertyValueSpecification","valueRequired":true,"valueName":"search_term_string"}}],"inLanguage":"es"},{"@type":"Organization","@id":"https:\/\/ferrosperich.com\/#organization","name":"Ferros Perich, S.L","url":"https:\/\/ferrosperich.com\/","logo":{"@type":"ImageObject","inLanguage":"es","@id":"https:\/\/ferrosperich.com\/#\/schema\/logo\/image\/","url":"https:\/\/ferrosperich.com\/wp-content\/uploads\/2025\/03\/FERROS-PERICH-LOGO.png","contentUrl":"https:\/\/ferrosperich.com\/wp-content\/uploads\/2025\/03\/FERROS-PERICH-LOGO.png","width":500,"height":320,"caption":"Ferros Perich, S.L"},"image":{"@id":"https:\/\/ferrosperich.com\/#\/schema\/logo\/image\/"},"sameAs":["https:\/\/www.facebook.com\/ferrosperich","https:\/\/www.youtube.com\/@ferrosperichs.l.7499"]}]}},"_links":{"self":[{"href":"https:\/\/ferrosperich.com\/es\/wp-json\/wp\/v2\/product\/112","targetHints":{"allow":["GET"]}}],"collection":[{"href":"https:\/\/ferrosperich.com\/es\/wp-json\/wp\/v2\/product"}],"about":[{"href":"https:\/\/ferrosperich.com\/es\/wp-json\/wp\/v2\/types\/product"}],"version-history":[{"count":0,"href":"https:\/\/ferrosperich.com\/es\/wp-json\/wp\/v2\/product\/112\/revisions"}],"wp:featuredmedia":[{"embeddable":true,"href":"https:\/\/ferrosperich.com\/es\/wp-json\/wp\/v2\/media\/181"}],"wp:attachment":[{"href":"https:\/\/ferrosperich.com\/es\/wp-json\/wp\/v2\/media?parent=112"}],"wp:term":[{"taxonomy":"product_brand","embeddable":true,"href":"https:\/\/ferrosperich.com\/es\/wp-json\/wp\/v2\/product_brand?post=112"},{"taxonomy":"product_cat","embeddable":true,"href":"https:\/\/ferrosperich.com\/es\/wp-json\/wp\/v2\/product_cat?post=112"},{"taxonomy":"product_tag","embeddable":true,"href":"https:\/\/ferrosperich.com\/es\/wp-json\/wp\/v2\/product_tag?post=112"}],"curies":[{"name":"wp","href":"https:\/\/api.w.org\/{rel}","templated":true}]}}