{"id":109,"date":"2025-03-27T14:32:49","date_gmt":"2025-03-27T13:32:49","guid":{"rendered":"https:\/\/ferrosperich.com\/?post_type=product&#038;p=109"},"modified":"2025-03-27T14:33:02","modified_gmt":"2025-03-27T13:33:02","slug":"acero-inoxidable","status":"publish","type":"product","link":"https:\/\/ferrosperich.com\/es\/producto\/productos-de-reciclaje\/acero-inoxidable\/","title":{"rendered":"Acero inoxidable"},"content":{"rendered":"<p>El acero inoxidable es una aleaci\u00f3n de hierro (Fe) con n\u00edquel (Ni) y cromo (Cr) como aleantes principales. La calidad del acero inoxidable viene determinada principalmente por los contenidos de n\u00edquel. Debido al alza en el coste del n\u00edquel en los \u00faltimos a\u00f1os, han aparecido aleaciones nuevas que contienen como aleante un peque\u00f1o porcentaje de cobre, como sustitivo del n\u00edquel. Los m\u00e1s habituales son el 430 o ferr\u00edtico, el acero inoxidable 304, el 316, etc.<\/p>\n<p>El acero inoxidable es un acero de elevada resistencia a la corrosi\u00f3n, dado que el cromo, u otros metales aleantes que contiene, poseen gran afinidad por el ox\u00edgeno y reacciona con \u00e9l formando una capa pasivadora, evitando as\u00ed la corrosi\u00f3n del hierro. Sin embargo, esta capa puede ser afectada por algunos \u00e1cidos, dando lugar a que el hierro sea atacado y oxidado por mecanismos intergranulares o picaduras generalizadas.<\/p>\n<p>Algunos tipos de acero inoxidable contienen adem\u00e1s otros elementos aleantes; los principales son el n\u00edquel y el molibdeno.<\/p>\n<p>Chapas, flejes y bobinas: Las chapas, obtenidas a partir del corte de bobinas se pueden encontrar en una gran variedad de calidades: AISI-304, AISI-304-L, AISI-316, AISI-316-L, AISI-321, AISI-316Ti, AISI-310, AISI-430 y AISI-420.<\/p>\n<p>Aunque cabe destacar por su mayor uso la A-304 y la A-316. Ambas son con diferencia las m\u00e1s utilizadas y las m\u00e1s f\u00e1ciles de encontrar en gran cantidad de formatos.<\/p>\n<p>Barras redondas, cuadradas, hexagonales y rectangulares: se pueden encontrar en las calidades A-304 y A-316, aunque algunos de ellos tambi\u00e9n pueden encontrarse en otras calidades.<\/p>\n<p>Perfiles L, U, T y H laminados: Son perfiles estructurales obtenidos por extrusi\u00f3n y debido a sus espesores son ideales para usar en la fabricaci\u00f3n de bastidores u otros elementos que requieran gran solidez. Se encuentran disponibles en las calidades m\u00e1s comunes A304 y A316.<\/p>\n<p>Perfiles L y U conformados en fr\u00edo: Se distinguen de los anteriores por su mayor delgadez, ya que solo se encuentran en espesores de 1 o 1,5 mm. Solo se fabrican en calidad A304.<\/p>\n<p>Redondo calibrado de acero inoxidable: Es un producto de relativa novedad en el mercado, aunque cada vez se extiende m\u00e1s su uso. Disponible en las calidades A304 y A316<\/p>\n<p>Tubo redondo de acero inoxidable soldado y sus accesorios: Junto con la chapa, tal vez sea el producto m\u00e1s usado de este tipo..<\/p>\n<p>Tubo cuadrado y rectangular de acero inoxidable: Esta gama de perfiles est\u00e1 destinada principalmente a las construcciones met\u00e1licas y a la decoraci\u00f3n. Se fabrica en calidad A304 y en A316 y .<\/p>\n<p>Tubo ISO redondo soldado y accesorios. Tubos para conducciones con di\u00e1metros en pulgadas. Disponibles en calidades A304L y A316L. Estas tuber\u00edas al ser de espesores superiores a las tuber\u00edas soldadas normales<\/p>\n<p>Barra perforada inoxidables A304L y A316L. Esta barra mec\u00e1nica es ideal para el mecanizado<\/p>\n<p>Mallas tejidas en acero inoxidable A304. Telas met\u00e1licas de acero inoxidable para aplicaciones que requieran el uso de productos qu\u00edmicos y donde el mantenimiento y limpieza sea complicado, instale una malla de acero inoxidable.<\/p>\n<p>Torniller\u00eda en acero inoxidable. Muchos de los tornillos m\u00e1s comunes, pueden ser ahora de acero inoxidable, en cualquiera de las dos calidades m\u00e1s comunes A304 y A316. Tambi\u00e9n es posible encontrar pernos, bisagras y otros art\u00edculos de ferreter\u00eda.<\/p>\n<h3>Viruta de Inox<\/h3>\n<p>Chatarra de virutas limpias procedentes de trabajo de torneado o fresado de acero inoxidable tipo 18-8 que tengan un m\u00ednimo del 7% de n\u00edquel, 16% de cromo, y libres de metales no f\u00e9rricos, materiales no met\u00e1licos, exceso de hierro, aceite u otros contaminantes.<\/p>\n<p>Los detalles de la descripci\u00f3n f\u00edsica, clasificaci\u00f3n, an\u00e1lisis adicionales y preparaci\u00f3n, se deben acordar entre comprador y vendedor<\/p>\n","protected":false},"excerpt":{"rendered":"<p>En Ferros Perich S.L. compramos al mejor precio la chatarra de acero inoxidable y n\u00edquel y la pesamos en b\u00e1sculas revisadas peri\u00f3dicamente para poder garantizar el mejor servicio al cliente.<\/p>\n","protected":false},"featured_media":167,"template":"","meta":{"site-sidebar-layout":"","site-content-layout":"","ast-site-content-layout":"","site-content-style":"","site-sidebar-style":"","ast-global-header-display":"","ast-banner-title-visibility":"","ast-main-header-display":"","ast-hfb-above-header-display":"","ast-hfb-below-header-display":"","ast-hfb-mobile-header-display":"","site-post-title":"","ast-breadcrumbs-content":"","ast-featured-img":"","footer-sml-layout":"","theme-transparent-header-meta":"","adv-header-id-meta":"","stick-header-meta":"","header-above-stick-meta":"","header-main-stick-meta":"","header-below-stick-meta":"","astra-migrate-meta-layouts":"","ast-page-background-enabled":"default","ast-page-background-meta":{"desktop":{"background-color":"var(--ast-global-color-5)","background-image":"","background-repeat":"repeat","background-position":"center center","background-size":"auto","background-attachment":"scroll","background-type":"","background-media":"","overlay-type":"","overlay-color":"","overlay-opacity":"","overlay-gradient":""},"tablet":{"background-color":"","background-image":"","background-repeat":"repeat","background-position":"center center","background-size":"auto","background-attachment":"scroll","background-type":"","background-media":"","overlay-type":"","overlay-color":"","overlay-opacity":"","overlay-gradient":""},"mobile":{"background-color":"","background-image":"","background-repeat":"repeat","background-position":"center center","background-size":"auto","background-attachment":"scroll","background-type":"","background-media":"","overlay-type":"","overlay-color":"","overlay-opacity":"","overlay-gradient":""}},"ast-content-background-meta":{"desktop":{"background-color":"var(--ast-global-color-4)","background-image":"","background-repeat":"repeat","background-position":"center center","background-size":"auto","background-attachment":"scroll","background-type":"","background-media":"","overlay-type":"","overlay-color":"","overlay-opacity":"","overlay-gradient":""},"tablet":{"background-color":"var(--ast-global-color-4)","background-image":"","background-repeat":"repeat","background-position":"center center","background-size":"auto","background-attachment":"scroll","background-type":"","background-media":"","overlay-type":"","overlay-color":"","overlay-opacity":"","overlay-gradient":""},"mobile":{"background-color":"var(--ast-global-color-4)","background-image":"","background-repeat":"repeat","background-position":"center center","background-size":"auto","background-attachment":"scroll","background-type":"","background-media":"","overlay-type":"","overlay-color":"","overlay-opacity":"","overlay-gradient":""}}},"product_brand":[],"product_cat":[53],"product_tag":[],"class_list":{"0":"post-109","1":"product","2":"type-product","3":"status-publish","4":"has-post-thumbnail","6":"product_cat-productos-de-reciclaje","7":"desktop-align-center","8":"tablet-align-left","9":"mobile-align-left","10":"ast-product-gallery-layout-horizontal-slider","11":"ast-product-tabs-layout-horizontal","13":"first","14":"instock","15":"shipping-taxable","16":"product-type-simple"},"yoast_head":"<!-- This site is optimized with the Yoast SEO plugin v26.5 - https:\/\/yoast.com\/wordpress\/plugins\/seo\/ -->\n<title>Acero inoxidable - Ferros Perich, S.L<\/title>\n<meta name=\"description\" content=\"En Ferros Perich S.L. compramos al mejor precio la chatarra de acero inoxidable y n\u00edquel y la pesamos en b\u00e1sculas revisadas peri\u00f3dicamente.\" \/>\n<meta name=\"robots\" content=\"index, follow, max-snippet:-1, max-image-preview:large, max-video-preview:-1\" \/>\n<link rel=\"canonical\" href=\"https:\/\/ferrosperich.com\/producto\/productos-de-reciclaje\/acero-inoxidable\/\" \/>\n<meta property=\"og:locale\" content=\"es_ES\" \/>\n<meta property=\"og:type\" content=\"article\" \/>\n<meta property=\"og:title\" content=\"Acero inoxidable - Ferros Perich, S.L\" \/>\n<meta property=\"og:description\" content=\"En Ferros Perich S.L. compramos al mejor precio la chatarra de acero inoxidable y n\u00edquel y la pesamos en b\u00e1sculas revisadas peri\u00f3dicamente.\" \/>\n<meta property=\"og:url\" content=\"https:\/\/ferrosperich.com\/producto\/productos-de-reciclaje\/acero-inoxidable\/\" \/>\n<meta property=\"og:site_name\" content=\"Ferros Perich, S.L\" \/>\n<meta property=\"article:publisher\" content=\"https:\/\/www.facebook.com\/ferrosperich\" \/>\n<meta property=\"article:modified_time\" content=\"2025-03-27T13:33:02+00:00\" \/>\n<meta property=\"og:image\" content=\"https:\/\/ferrosperich.com\/wp-content\/uploads\/2025\/03\/slider_AceroInoxidable-1.jpg\" \/>\n\t<meta property=\"og:image:width\" content=\"750\" \/>\n\t<meta property=\"og:image:height\" content=\"300\" \/>\n\t<meta property=\"og:image:type\" content=\"image\/jpeg\" \/>\n<meta name=\"twitter:card\" content=\"summary_large_image\" \/>\n<meta name=\"twitter:label1\" content=\"Tiempo de lectura\" \/>\n\t<meta name=\"twitter:data1\" content=\"3 minutos\" \/>\n<script type=\"application\/ld+json\" class=\"yoast-schema-graph\">{\"@context\":\"https:\/\/schema.org\",\"@graph\":[{\"@type\":\"WebPage\",\"@id\":\"https:\/\/ferrosperich.com\/producto\/productos-de-reciclaje\/acero-inoxidable\/\",\"url\":\"https:\/\/ferrosperich.com\/producto\/productos-de-reciclaje\/acero-inoxidable\/\",\"name\":\"Acero inoxidable - Ferros Perich, S.L\",\"isPartOf\":{\"@id\":\"https:\/\/ferrosperich.com\/#website\"},\"primaryImageOfPage\":{\"@id\":\"https:\/\/ferrosperich.com\/producto\/productos-de-reciclaje\/acero-inoxidable\/#primaryimage\"},\"image\":{\"@id\":\"https:\/\/ferrosperich.com\/producto\/productos-de-reciclaje\/acero-inoxidable\/#primaryimage\"},\"thumbnailUrl\":\"https:\/\/ferrosperich.com\/wp-content\/uploads\/2025\/03\/slider_AceroInoxidable-1.jpg\",\"datePublished\":\"2025-03-27T13:32:49+00:00\",\"dateModified\":\"2025-03-27T13:33:02+00:00\",\"description\":\"En Ferros Perich S.L. compramos al mejor precio la chatarra de acero inoxidable y n\u00edquel y la pesamos en b\u00e1sculas revisadas peri\u00f3dicamente.\",\"breadcrumb\":{\"@id\":\"https:\/\/ferrosperich.com\/producto\/productos-de-reciclaje\/acero-inoxidable\/#breadcrumb\"},\"inLanguage\":\"es\",\"potentialAction\":[{\"@type\":\"ReadAction\",\"target\":[\"https:\/\/ferrosperich.com\/producto\/productos-de-reciclaje\/acero-inoxidable\/\"]}]},{\"@type\":\"ImageObject\",\"inLanguage\":\"es\",\"@id\":\"https:\/\/ferrosperich.com\/producto\/productos-de-reciclaje\/acero-inoxidable\/#primaryimage\",\"url\":\"https:\/\/ferrosperich.com\/wp-content\/uploads\/2025\/03\/slider_AceroInoxidable-1.jpg\",\"contentUrl\":\"https:\/\/ferrosperich.com\/wp-content\/uploads\/2025\/03\/slider_AceroInoxidable-1.jpg\",\"width\":750,\"height\":300},{\"@type\":\"BreadcrumbList\",\"@id\":\"https:\/\/ferrosperich.com\/producto\/productos-de-reciclaje\/acero-inoxidable\/#breadcrumb\",\"itemListElement\":[{\"@type\":\"ListItem\",\"position\":1,\"name\":\"Portada\",\"item\":\"https:\/\/ferrosperich.com\/es\/\"},{\"@type\":\"ListItem\",\"position\":2,\"name\":\"Productos\",\"item\":\"https:\/\/ferrosperich.com\/es\/productos\/\"},{\"@type\":\"ListItem\",\"position\":3,\"name\":\"Productos de Reciclaje\",\"item\":\"https:\/\/ferrosperich.com\/categoria-producto\/productos-de-reciclaje\/\"},{\"@type\":\"ListItem\",\"position\":4,\"name\":\"Acero inoxidable\"}]},{\"@type\":\"WebSite\",\"@id\":\"https:\/\/ferrosperich.com\/#website\",\"url\":\"https:\/\/ferrosperich.com\/\",\"name\":\"Ferros Perich, S.L\",\"description\":\"\",\"publisher\":{\"@id\":\"https:\/\/ferrosperich.com\/#organization\"},\"potentialAction\":[{\"@type\":\"SearchAction\",\"target\":{\"@type\":\"EntryPoint\",\"urlTemplate\":\"https:\/\/ferrosperich.com\/?s={search_term_string}\"},\"query-input\":{\"@type\":\"PropertyValueSpecification\",\"valueRequired\":true,\"valueName\":\"search_term_string\"}}],\"inLanguage\":\"es\"},{\"@type\":\"Organization\",\"@id\":\"https:\/\/ferrosperich.com\/#organization\",\"name\":\"Ferros Perich, S.L\",\"url\":\"https:\/\/ferrosperich.com\/\",\"logo\":{\"@type\":\"ImageObject\",\"inLanguage\":\"es\",\"@id\":\"https:\/\/ferrosperich.com\/#\/schema\/logo\/image\/\",\"url\":\"https:\/\/ferrosperich.com\/wp-content\/uploads\/2025\/03\/FERROS-PERICH-LOGO.png\",\"contentUrl\":\"https:\/\/ferrosperich.com\/wp-content\/uploads\/2025\/03\/FERROS-PERICH-LOGO.png\",\"width\":500,\"height\":320,\"caption\":\"Ferros Perich, S.L\"},\"image\":{\"@id\":\"https:\/\/ferrosperich.com\/#\/schema\/logo\/image\/\"},\"sameAs\":[\"https:\/\/www.facebook.com\/ferrosperich\",\"https:\/\/www.youtube.com\/@ferrosperichs.l.7499\"]}]}<\/script>\n<!-- \/ Yoast SEO plugin. -->","yoast_head_json":{"title":"Acero inoxidable - Ferros Perich, S.L","description":"En Ferros Perich S.L. compramos al mejor precio la chatarra de acero inoxidable y n\u00edquel y la pesamos en b\u00e1sculas revisadas peri\u00f3dicamente.","robots":{"index":"index","follow":"follow","max-snippet":"max-snippet:-1","max-image-preview":"max-image-preview:large","max-video-preview":"max-video-preview:-1"},"canonical":"https:\/\/ferrosperich.com\/producto\/productos-de-reciclaje\/acero-inoxidable\/","og_locale":"es_ES","og_type":"article","og_title":"Acero inoxidable - Ferros Perich, S.L","og_description":"En Ferros Perich S.L. compramos al mejor precio la chatarra de acero inoxidable y n\u00edquel y la pesamos en b\u00e1sculas revisadas peri\u00f3dicamente.","og_url":"https:\/\/ferrosperich.com\/producto\/productos-de-reciclaje\/acero-inoxidable\/","og_site_name":"Ferros Perich, S.L","article_publisher":"https:\/\/www.facebook.com\/ferrosperich","article_modified_time":"2025-03-27T13:33:02+00:00","og_image":[{"width":750,"height":300,"url":"https:\/\/ferrosperich.com\/wp-content\/uploads\/2025\/03\/slider_AceroInoxidable-1.jpg","type":"image\/jpeg"}],"twitter_card":"summary_large_image","twitter_misc":{"Tiempo de lectura":"3 minutos"},"schema":{"@context":"https:\/\/schema.org","@graph":[{"@type":"WebPage","@id":"https:\/\/ferrosperich.com\/producto\/productos-de-reciclaje\/acero-inoxidable\/","url":"https:\/\/ferrosperich.com\/producto\/productos-de-reciclaje\/acero-inoxidable\/","name":"Acero inoxidable - Ferros Perich, S.L","isPartOf":{"@id":"https:\/\/ferrosperich.com\/#website"},"primaryImageOfPage":{"@id":"https:\/\/ferrosperich.com\/producto\/productos-de-reciclaje\/acero-inoxidable\/#primaryimage"},"image":{"@id":"https:\/\/ferrosperich.com\/producto\/productos-de-reciclaje\/acero-inoxidable\/#primaryimage"},"thumbnailUrl":"https:\/\/ferrosperich.com\/wp-content\/uploads\/2025\/03\/slider_AceroInoxidable-1.jpg","datePublished":"2025-03-27T13:32:49+00:00","dateModified":"2025-03-27T13:33:02+00:00","description":"En Ferros Perich S.L. compramos al mejor precio la chatarra de acero inoxidable y n\u00edquel y la pesamos en b\u00e1sculas revisadas peri\u00f3dicamente.","breadcrumb":{"@id":"https:\/\/ferrosperich.com\/producto\/productos-de-reciclaje\/acero-inoxidable\/#breadcrumb"},"inLanguage":"es","potentialAction":[{"@type":"ReadAction","target":["https:\/\/ferrosperich.com\/producto\/productos-de-reciclaje\/acero-inoxidable\/"]}]},{"@type":"ImageObject","inLanguage":"es","@id":"https:\/\/ferrosperich.com\/producto\/productos-de-reciclaje\/acero-inoxidable\/#primaryimage","url":"https:\/\/ferrosperich.com\/wp-content\/uploads\/2025\/03\/slider_AceroInoxidable-1.jpg","contentUrl":"https:\/\/ferrosperich.com\/wp-content\/uploads\/2025\/03\/slider_AceroInoxidable-1.jpg","width":750,"height":300},{"@type":"BreadcrumbList","@id":"https:\/\/ferrosperich.com\/producto\/productos-de-reciclaje\/acero-inoxidable\/#breadcrumb","itemListElement":[{"@type":"ListItem","position":1,"name":"Portada","item":"https:\/\/ferrosperich.com\/es\/"},{"@type":"ListItem","position":2,"name":"Productos","item":"https:\/\/ferrosperich.com\/es\/productos\/"},{"@type":"ListItem","position":3,"name":"Productos de Reciclaje","item":"https:\/\/ferrosperich.com\/categoria-producto\/productos-de-reciclaje\/"},{"@type":"ListItem","position":4,"name":"Acero inoxidable"}]},{"@type":"WebSite","@id":"https:\/\/ferrosperich.com\/#website","url":"https:\/\/ferrosperich.com\/","name":"Ferros Perich, S.L","description":"","publisher":{"@id":"https:\/\/ferrosperich.com\/#organization"},"potentialAction":[{"@type":"SearchAction","target":{"@type":"EntryPoint","urlTemplate":"https:\/\/ferrosperich.com\/?s={search_term_string}"},"query-input":{"@type":"PropertyValueSpecification","valueRequired":true,"valueName":"search_term_string"}}],"inLanguage":"es"},{"@type":"Organization","@id":"https:\/\/ferrosperich.com\/#organization","name":"Ferros Perich, S.L","url":"https:\/\/ferrosperich.com\/","logo":{"@type":"ImageObject","inLanguage":"es","@id":"https:\/\/ferrosperich.com\/#\/schema\/logo\/image\/","url":"https:\/\/ferrosperich.com\/wp-content\/uploads\/2025\/03\/FERROS-PERICH-LOGO.png","contentUrl":"https:\/\/ferrosperich.com\/wp-content\/uploads\/2025\/03\/FERROS-PERICH-LOGO.png","width":500,"height":320,"caption":"Ferros Perich, S.L"},"image":{"@id":"https:\/\/ferrosperich.com\/#\/schema\/logo\/image\/"},"sameAs":["https:\/\/www.facebook.com\/ferrosperich","https:\/\/www.youtube.com\/@ferrosperichs.l.7499"]}]}},"_links":{"self":[{"href":"https:\/\/ferrosperich.com\/es\/wp-json\/wp\/v2\/product\/109","targetHints":{"allow":["GET"]}}],"collection":[{"href":"https:\/\/ferrosperich.com\/es\/wp-json\/wp\/v2\/product"}],"about":[{"href":"https:\/\/ferrosperich.com\/es\/wp-json\/wp\/v2\/types\/product"}],"version-history":[{"count":0,"href":"https:\/\/ferrosperich.com\/es\/wp-json\/wp\/v2\/product\/109\/revisions"}],"wp:featuredmedia":[{"embeddable":true,"href":"https:\/\/ferrosperich.com\/es\/wp-json\/wp\/v2\/media\/167"}],"wp:attachment":[{"href":"https:\/\/ferrosperich.com\/es\/wp-json\/wp\/v2\/media?parent=109"}],"wp:term":[{"taxonomy":"product_brand","embeddable":true,"href":"https:\/\/ferrosperich.com\/es\/wp-json\/wp\/v2\/product_brand?post=109"},{"taxonomy":"product_cat","embeddable":true,"href":"https:\/\/ferrosperich.com\/es\/wp-json\/wp\/v2\/product_cat?post=109"},{"taxonomy":"product_tag","embeddable":true,"href":"https:\/\/ferrosperich.com\/es\/wp-json\/wp\/v2\/product_tag?post=109"}],"curies":[{"name":"wp","href":"https:\/\/api.w.org\/{rel}","templated":true}]}}